{"id":984,"date":"2026-02-24T15:35:27","date_gmt":"2026-02-24T15:35:27","guid":{"rendered":"https:\/\/innercircle.no\/?page_id=984"},"modified":"2026-02-24T15:42:51","modified_gmt":"2026-02-24T15:42:51","slug":"roger-sollied-johansen-mde","status":"publish","type":"page","link":"https:\/\/innercircle.no\/?page_id=984","title":{"rendered":"Roger Sollied Johansen &#8211; MDE"},"content":{"rendered":"\t\t<div data-elementor-type=\"wp-page\" data-elementor-id=\"984\" class=\"elementor elementor-984\">\n\t\t\t\t\t\t<section class=\"elementor-section elementor-top-section elementor-element elementor-element-88ce5d3 elementor-section-boxed elementor-section-height-default elementor-section-height-default\" data-id=\"88ce5d3\" data-element_type=\"section\" data-e-type=\"section\">\n\t\t\t\t\t\t<div class=\"elementor-container elementor-column-gap-default\">\n\t\t\t\t\t<div class=\"elementor-column elementor-col-100 elementor-top-column elementor-element elementor-element-6373c91\" data-id=\"6373c91\" data-element_type=\"column\" data-e-type=\"column\">\n\t\t\t<div class=\"elementor-widget-wrap elementor-element-populated\">\n\t\t\t\t\t\t<section class=\"elementor-section elementor-inner-section elementor-element elementor-element-b219317 elementor-section-boxed elementor-section-height-default elementor-section-height-default\" data-id=\"b219317\" data-element_type=\"section\" data-e-type=\"section\">\n\t\t\t\t\t\t<div class=\"elementor-container elementor-column-gap-default\">\n\t\t\t\t\t<div class=\"elementor-column elementor-col-50 elementor-inner-column elementor-element elementor-element-9fb6ef8\" data-id=\"9fb6ef8\" data-element_type=\"column\" data-e-type=\"column\">\n\t\t\t<div class=\"elementor-widget-wrap elementor-element-populated\">\n\t\t\t\t\t\t<div class=\"elementor-element elementor-element-1359168 elementor-widget elementor-widget-text-editor\" data-id=\"1359168\" data-element_type=\"widget\" data-e-type=\"widget\" data-widget_type=\"text-editor.default\">\n\t\t\t\t<div class=\"elementor-widget-container\">\n\t\t\t\t\t\t\t\t\t<div data-id=\"d7f24ba\" data-element_type=\"widget\" data-widget_type=\"image.default\">\u00a0<\/div><div data-id=\"9e30403\" data-element_type=\"widget\" data-widget_type=\"theme-post-content.default\"><h2><img fetchpriority=\"high\" decoding=\"async\" class=\"alignnone size-full wp-image-987\" src=\"http:\/\/innercircle.no\/wp-content\/uploads\/2026\/02\/images.png\" alt=\"\" width=\"225\" height=\"225\" srcset=\"https:\/\/innercircle.no\/wp-content\/uploads\/2026\/02\/images.png 225w, https:\/\/innercircle.no\/wp-content\/uploads\/2026\/02\/images-150x150.png 150w\" sizes=\"(max-width: 225px) 100vw, 225px\" \/><\/h2><h2>MDE<\/h2><p><span style=\"font-family: -apple-system, BlinkMacSystemFont, 'Segoe UI', Roboto, 'Helvetica Neue', Arial, 'Noto Sans', sans-serif, 'Apple Color Emoji', 'Segoe UI Emoji', 'Segoe UI Symbol', 'Noto Color Emoji';\">Siden MDE ble etablert i 2007 har vi hjulpet mange tusen arbeidstakere og bedrifter med \u00e5 finne hverandre. I dag best\u00e5r MDE Group av 12 selskaper som tilbyr konsulent- , bemannings- og rekrutteringstjenester og r\u00e5dgivning. M\u00e5let v\u00e5rt er \u00e5 bidra til verdiskaping ved \u00e5 r\u00e5dgi og tilrettelegge slik at arbeidstakere og virksomheter finner hverandre \u2013 basert p\u00e5 kompetansebehov og egenhet.<\/span><\/p><p><span style=\"font-family: -apple-system, BlinkMacSystemFont, 'Segoe UI', Roboto, 'Helvetica Neue', Arial, 'Noto Sans', sans-serif, 'Apple Color Emoji', 'Segoe UI Emoji', 'Segoe UI Symbol', 'Noto Color Emoji';\">Kontakt: <a href=\"https:\/\/www.linkedin.com\/in\/rogersollied\/\" target=\"_blank\" rel=\"noopener\">Roger Sollied Johansen<\/a><\/span><\/p><p>Telefon: 997 38 999<br \/>E-post: <a href=\"mailto:roger.johansen@mde.no\">roger.johansen@mde.no<\/a><br \/>WEB: <a style=\"background-color: #ffffff;\" href=\"https:\/\/www.mde-group.com\/mde-oslo\" target=\"_blank\" rel=\"noopener\">www.mde-group.no<\/a><\/p><\/div>\t\t\t\t\t\t\t\t<\/div>\n\t\t\t\t<\/div>\n\t\t\t\t\t<\/div>\n\t\t<\/div>\n\t\t\t\t<div class=\"elementor-column elementor-col-50 elementor-inner-column elementor-element elementor-element-de21af6\" data-id=\"de21af6\" data-element_type=\"column\" data-e-type=\"column\">\n\t\t\t<div class=\"elementor-widget-wrap elementor-element-populated\">\n\t\t\t\t\t\t<div class=\"elementor-element elementor-element-2de224f elementor-widget elementor-widget-image\" data-id=\"2de224f\" data-element_type=\"widget\" data-e-type=\"widget\" data-widget_type=\"image.default\">\n\t\t\t\t<div class=\"elementor-widget-container\">\n\t\t\t\t\t\t\t\t\t\t\t\t\t\t\t<img decoding=\"async\" width=\"800\" height=\"800\" src=\"https:\/\/innercircle.no\/wp-content\/uploads\/2024\/10\/1681313290253.jpeg\" class=\"attachment-large size-large wp-image-827\" alt=\"\" srcset=\"https:\/\/innercircle.no\/wp-content\/uploads\/2024\/10\/1681313290253.jpeg 800w, https:\/\/innercircle.no\/wp-content\/uploads\/2024\/10\/1681313290253-300x300.jpeg 300w, https:\/\/innercircle.no\/wp-content\/uploads\/2024\/10\/1681313290253-150x150.jpeg 150w, https:\/\/innercircle.no\/wp-content\/uploads\/2024\/10\/1681313290253-768x768.jpeg 768w\" sizes=\"(max-width: 800px) 100vw, 800px\" \/>\t\t\t\t\t\t\t\t\t\t\t\t\t\t\t<\/div>\n\t\t\t\t<\/div>\n\t\t\t\t\t<\/div>\n\t\t<\/div>\n\t\t\t\t\t<\/div>\n\t\t<\/section>\n\t\t\t\t\t<\/div>\n\t\t<\/div>\n\t\t\t\t\t<\/div>\n\t\t<\/section>\n\t\t\t\t<\/div>\n\t\t","protected":false},"excerpt":{"rendered":"<p>\u00a0 MDE Siden MDE ble etablert i 2007 har vi hjulpet mange tusen arbeidstakere og bedrifter med \u00e5 finne hverandre. I dag best\u00e5r MDE Group av 12 selskaper som tilbyr konsulent- , bemannings- og rekrutteringstjenester og r\u00e5dgivning. M\u00e5let v\u00e5rt er \u00e5 bidra til verdiskaping ved \u00e5 r\u00e5dgi og tilrettelegge slik at arbeidstakere og virksomheter finner [&hellip;]<\/p>\n","protected":false},"author":1,"featured_media":0,"parent":0,"menu_order":0,"comment_status":"closed","ping_status":"closed","template":"","meta":{"footnotes":""},"class_list":["post-984","page","type-page","status-publish","hentry"],"_links":{"self":[{"href":"https:\/\/innercircle.no\/index.php?rest_route=\/wp\/v2\/pages\/984","targetHints":{"allow":["GET"]}}],"collection":[{"href":"https:\/\/innercircle.no\/index.php?rest_route=\/wp\/v2\/pages"}],"about":[{"href":"https:\/\/innercircle.no\/index.php?rest_route=\/wp\/v2\/types\/page"}],"author":[{"embeddable":true,"href":"https:\/\/innercircle.no\/index.php?rest_route=\/wp\/v2\/users\/1"}],"replies":[{"embeddable":true,"href":"https:\/\/innercircle.no\/index.php?rest_route=%2Fwp%2Fv2%2Fcomments&post=984"}],"version-history":[{"count":5,"href":"https:\/\/innercircle.no\/index.php?rest_route=\/wp\/v2\/pages\/984\/revisions"}],"predecessor-version":[{"id":991,"href":"https:\/\/innercircle.no\/index.php?rest_route=\/wp\/v2\/pages\/984\/revisions\/991"}],"wp:attachment":[{"href":"https:\/\/innercircle.no\/index.php?rest_route=%2Fwp%2Fv2%2Fmedia&parent=984"}],"curies":[{"name":"wp","href":"https:\/\/api.w.org\/{rel}","templated":true}]}}