{"id":90,"date":"2022-10-18T14:54:28","date_gmt":"2022-10-18T14:54:28","guid":{"rendered":"https:\/\/innercircle.no\/?page_id=90"},"modified":"2022-10-20T15:25:51","modified_gmt":"2022-10-20T15:25:51","slug":"marco-reklame-jan-erik-margard","status":"publish","type":"page","link":"https:\/\/innercircle.no\/?page_id=90","title":{"rendered":"Jan Erik Marg\u00e5rd &#8211; Marco Reklame"},"content":{"rendered":"\t\t<div data-elementor-type=\"wp-page\" data-elementor-id=\"90\" class=\"elementor elementor-90\">\n\t\t\t\t\t\t<section class=\"elementor-section elementor-top-section elementor-element elementor-element-3563a21 elementor-section-boxed elementor-section-height-default elementor-section-height-default\" data-id=\"3563a21\" data-element_type=\"section\" data-e-type=\"section\">\n\t\t\t\t\t\t<div class=\"elementor-container elementor-column-gap-default\">\n\t\t\t\t\t<div class=\"elementor-column elementor-col-100 elementor-top-column elementor-element elementor-element-1ad311f\" data-id=\"1ad311f\" data-element_type=\"column\" data-e-type=\"column\">\n\t\t\t<div class=\"elementor-widget-wrap elementor-element-populated\">\n\t\t\t\t\t\t<section class=\"elementor-section elementor-inner-section elementor-element elementor-element-abd6155 elementor-section-boxed elementor-section-height-default elementor-section-height-default\" data-id=\"abd6155\" data-element_type=\"section\" data-e-type=\"section\">\n\t\t\t\t\t\t<div class=\"elementor-container elementor-column-gap-default\">\n\t\t\t\t\t<div class=\"elementor-column elementor-col-50 elementor-inner-column elementor-element elementor-element-8c9a547\" data-id=\"8c9a547\" data-element_type=\"column\" data-e-type=\"column\">\n\t\t\t<div class=\"elementor-widget-wrap elementor-element-populated\">\n\t\t\t\t\t\t<div class=\"elementor-element elementor-element-d8ac954 elementor-widget elementor-widget-text-editor\" data-id=\"d8ac954\" data-element_type=\"widget\" data-e-type=\"widget\" data-widget_type=\"text-editor.default\">\n\t\t\t\t<div class=\"elementor-widget-container\">\n\t\t\t\t\t\t\t\t\t<div data-id=\"d7f24ba\" data-element_type=\"widget\" data-widget_type=\"image.default\"><img fetchpriority=\"high\" decoding=\"async\" src=\"http:\/\/innercircle.no\/wp-content\/uploads\/2022\/10\/Marco-logo.png\" alt=\"\" width=\"225\" height=\"225\" \/><\/div><div data-id=\"9e30403\" data-element_type=\"widget\" data-widget_type=\"theme-post-content.default\"><h2>Marco Reklame<\/h2><p><span style=\"color: rgba(0, 0, 0, 0.6); font-family: -apple-system, system-ui, 'system-ui', 'Segoe UI', Roboto, 'Helvetica Neue', 'Fira Sans', Ubuntu, Oxygen, 'Oxygen Sans', Cantarell, 'Droid Sans', 'Apple Color Emoji', 'Segoe UI Emoji', 'Segoe UI Emoji', 'Segoe UI Symbol', 'Lucida Grande', Helvetica, Arial, sans-serif; font-size: 14.875px; white-space: pre-wrap;\">Produksjons og designbyr\u00e5 innen skilt og dekor bransjen. <\/span><\/p><p>Vi designer, produserer og monterer skilt, bildekor, og annen type permanent dekor i v\u00e5re lokaler p\u00e5 Alnabru i Oslo. <span style=\"color: rgba(0, 0, 0, 0.6); font-family: -apple-system, system-ui, 'system-ui', 'Segoe UI', Roboto, 'Helvetica Neue', 'Fira Sans', Ubuntu, Oxygen, 'Oxygen Sans', Cantarell, 'Droid Sans', 'Apple Color Emoji', 'Segoe UI Emoji', 'Segoe UI Emoji', 'Segoe UI Symbol', 'Lucida Grande', Helvetica, Arial, sans-serif; font-size: 14.875px; white-space: pre-wrap;\"> V\u00e5r styrke er lang fartstid i bransjen, mye erfaring b\u00e5de p\u00e5 produksjon og design.<\/span><\/p><p>Kontakt:\u00a0<strong><a href=\"https:\/\/www.linkedin.com\/in\/jan-erik-marg%C3%A5rd-89292529\/\">Jan Erik Marg\u00e5rd<\/a><\/strong><br \/>Telefon:\u00a0905 40 778\u202c<br \/>E-post: <a href=\"jan.erik@marcoreklame.no\">jan.erik@marcoreklame.no<\/a><br \/>WEB:\u00a0<a style=\"background-color: #ffffff;\" href=\"http:\/\/www.marcoreklame.no\">www.marcoreklame.no<\/a><\/p><\/div>\t\t\t\t\t\t\t\t<\/div>\n\t\t\t\t<\/div>\n\t\t\t\t\t<\/div>\n\t\t<\/div>\n\t\t\t\t<div class=\"elementor-column elementor-col-50 elementor-inner-column elementor-element elementor-element-fa72cbc\" data-id=\"fa72cbc\" data-element_type=\"column\" data-e-type=\"column\">\n\t\t\t<div class=\"elementor-widget-wrap elementor-element-populated\">\n\t\t\t\t\t\t<div class=\"elementor-element elementor-element-82c935e elementor-widget elementor-widget-image\" data-id=\"82c935e\" data-element_type=\"widget\" data-e-type=\"widget\" data-widget_type=\"image.default\">\n\t\t\t\t<div class=\"elementor-widget-container\">\n\t\t\t\t\t\t\t\t\t\t\t\t\t\t\t\t<a href=\"mailto:jan.erik@marcoreklame.no\">\n\t\t\t\t\t\t\t<img decoding=\"async\" width=\"800\" height=\"800\" src=\"https:\/\/innercircle.no\/wp-content\/uploads\/2022\/10\/Jan-Erik.jpeg\" class=\"attachment-large size-large wp-image-93\" alt=\"\" srcset=\"https:\/\/innercircle.no\/wp-content\/uploads\/2022\/10\/Jan-Erik.jpeg 800w, https:\/\/innercircle.no\/wp-content\/uploads\/2022\/10\/Jan-Erik-300x300.jpeg 300w, https:\/\/innercircle.no\/wp-content\/uploads\/2022\/10\/Jan-Erik-150x150.jpeg 150w, https:\/\/innercircle.no\/wp-content\/uploads\/2022\/10\/Jan-Erik-768x768.jpeg 768w\" sizes=\"(max-width: 800px) 100vw, 800px\" \/>\t\t\t\t\t\t\t\t<\/a>\n\t\t\t\t\t\t\t\t\t\t\t\t\t\t\t<\/div>\n\t\t\t\t<\/div>\n\t\t\t\t\t<\/div>\n\t\t<\/div>\n\t\t\t\t\t<\/div>\n\t\t<\/section>\n\t\t\t\t\t<\/div>\n\t\t<\/div>\n\t\t\t\t\t<\/div>\n\t\t<\/section>\n\t\t\t\t<section class=\"elementor-section elementor-top-section elementor-element elementor-element-78075af elementor-section-boxed elementor-section-height-default elementor-section-height-default\" data-id=\"78075af\" data-element_type=\"section\" data-e-type=\"section\">\n\t\t\t\t\t\t<div class=\"elementor-container elementor-column-gap-default\">\n\t\t\t\t\t<div class=\"elementor-column elementor-col-100 elementor-top-column elementor-element elementor-element-1697abf\" data-id=\"1697abf\" data-element_type=\"column\" data-e-type=\"column\">\n\t\t\t<div class=\"elementor-widget-wrap elementor-element-populated\">\n\t\t\t\t\t\t<section class=\"elementor-section elementor-inner-section elementor-element elementor-element-134189a elementor-section-boxed elementor-section-height-default elementor-section-height-default\" data-id=\"134189a\" data-element_type=\"section\" data-e-type=\"section\">\n\t\t\t\t\t\t<div class=\"elementor-container elementor-column-gap-default\">\n\t\t\t\t\t<div class=\"elementor-column elementor-col-50 elementor-inner-column elementor-element elementor-element-60be394\" data-id=\"60be394\" data-element_type=\"column\" data-e-type=\"column\">\n\t\t\t<div class=\"elementor-widget-wrap elementor-element-populated\">\n\t\t\t\t\t\t<div class=\"elementor-element elementor-element-b2155ea elementor-invisible elementor-widget elementor-widget-image\" data-id=\"b2155ea\" data-element_type=\"widget\" data-e-type=\"widget\" data-settings=\"{&quot;_animation&quot;:&quot;fadeInLeft&quot;}\" data-widget_type=\"image.default\">\n\t\t\t\t<div class=\"elementor-widget-container\">\n\t\t\t\t\t\t\t\t\t\t\t\t\t\t\t\t<a href=\"https:\/\/marcoreklame.no\/bildekor\/\">\n\t\t\t\t\t\t\t<img decoding=\"async\" width=\"680\" height=\"679\" src=\"https:\/\/innercircle.no\/wp-content\/uploads\/2022\/10\/Skjermbilde-2022-10-18-kl.-16.54.16.png\" class=\"attachment-large size-large wp-image-94\" alt=\"\" srcset=\"https:\/\/innercircle.no\/wp-content\/uploads\/2022\/10\/Skjermbilde-2022-10-18-kl.-16.54.16.png 680w, https:\/\/innercircle.no\/wp-content\/uploads\/2022\/10\/Skjermbilde-2022-10-18-kl.-16.54.16-300x300.png 300w, https:\/\/innercircle.no\/wp-content\/uploads\/2022\/10\/Skjermbilde-2022-10-18-kl.-16.54.16-150x150.png 150w\" sizes=\"(max-width: 680px) 100vw, 680px\" \/>\t\t\t\t\t\t\t\t<\/a>\n\t\t\t\t\t\t\t\t\t\t\t\t\t\t\t<\/div>\n\t\t\t\t<\/div>\n\t\t\t\t<div class=\"elementor-element elementor-element-7efa2a6 elementor-widget elementor-widget-text-editor\" data-id=\"7efa2a6\" data-element_type=\"widget\" data-e-type=\"widget\" data-widget_type=\"text-editor.default\">\n\t\t\t\t<div class=\"elementor-widget-container\">\n\t\t\t\t\t\t\t\t\t<p style=\"text-align: center;\"><strong>Trykk p\u00e5 bildet for mer informasjon om det vi leverer av bildekor<\/strong><\/p>\t\t\t\t\t\t\t\t<\/div>\n\t\t\t\t<\/div>\n\t\t\t\t\t<\/div>\n\t\t<\/div>\n\t\t\t\t<div class=\"elementor-column elementor-col-50 elementor-inner-column elementor-element elementor-element-8be5239\" data-id=\"8be5239\" data-element_type=\"column\" data-e-type=\"column\">\n\t\t\t<div class=\"elementor-widget-wrap elementor-element-populated\">\n\t\t\t\t\t\t<div class=\"elementor-element elementor-element-3494803 elementor-absolute elementor-invisible elementor-widget elementor-widget-image\" data-id=\"3494803\" data-element_type=\"widget\" data-e-type=\"widget\" data-settings=\"{&quot;_position&quot;:&quot;absolute&quot;,&quot;_animation&quot;:&quot;zoomIn&quot;}\" data-widget_type=\"image.default\">\n\t\t\t\t<div class=\"elementor-widget-container\">\n\t\t\t\t\t\t\t\t\t\t\t\t\t\t\t\t<a href=\"https:\/\/marcoreklame.no\/dekor-interior\/\">\n\t\t\t\t\t\t\t<img loading=\"lazy\" decoding=\"async\" width=\"800\" height=\"547\" src=\"https:\/\/innercircle.no\/wp-content\/uploads\/2022\/10\/Skjermbilde-2022-10-18-kl.-17.18.39.png\" class=\"attachment-large size-large wp-image-130\" alt=\"\" srcset=\"https:\/\/innercircle.no\/wp-content\/uploads\/2022\/10\/Skjermbilde-2022-10-18-kl.-17.18.39.png 884w, https:\/\/innercircle.no\/wp-content\/uploads\/2022\/10\/Skjermbilde-2022-10-18-kl.-17.18.39-300x205.png 300w, https:\/\/innercircle.no\/wp-content\/uploads\/2022\/10\/Skjermbilde-2022-10-18-kl.-17.18.39-768x525.png 768w\" sizes=\"(max-width: 800px) 100vw, 800px\" \/>\t\t\t\t\t\t\t\t<\/a>\n\t\t\t\t\t\t\t\t\t\t\t\t\t\t\t<\/div>\n\t\t\t\t<\/div>\n\t\t\t\t<div class=\"elementor-element elementor-element-28d3e81 elementor-widget elementor-widget-text-editor\" data-id=\"28d3e81\" data-element_type=\"widget\" data-e-type=\"widget\" data-widget_type=\"text-editor.default\">\n\t\t\t\t<div class=\"elementor-widget-container\">\n\t\t\t\t\t\t\t\t\t<p style=\"text-align: center;\"><strong>Trykk p\u00e5 bildet for mer informasjon om interi\u00f8r og dekor<\/strong><\/p>\t\t\t\t\t\t\t\t<\/div>\n\t\t\t\t<\/div>\n\t\t\t\t\t<\/div>\n\t\t<\/div>\n\t\t\t\t\t<\/div>\n\t\t<\/section>\n\t\t\t\t\t<\/div>\n\t\t<\/div>\n\t\t\t\t\t<\/div>\n\t\t<\/section>\n\t\t\t\t<\/div>\n\t\t","protected":false},"excerpt":{"rendered":"<p>Marco Reklame Produksjons og designbyr\u00e5 innen skilt og dekor bransjen. Vi designer, produserer og monterer skilt, bildekor, og annen type permanent dekor i v\u00e5re lokaler p\u00e5 Alnabru i Oslo. V\u00e5r styrke er lang fartstid i bransjen, mye erfaring b\u00e5de p\u00e5 produksjon og design. Kontakt:\u00a0Jan Erik Marg\u00e5rdTelefon:\u00a0905 40 778\u202cE-post: jan.erik@marcoreklame.noWEB:\u00a0www.marcoreklame.no Trykk p\u00e5 bildet for mer informasjon [&hellip;]<\/p>\n","protected":false},"author":1,"featured_media":0,"parent":0,"menu_order":0,"comment_status":"closed","ping_status":"closed","template":"","meta":{"footnotes":""},"class_list":["post-90","page","type-page","status-publish","hentry"],"_links":{"self":[{"href":"https:\/\/innercircle.no\/index.php?rest_route=\/wp\/v2\/pages\/90","targetHints":{"allow":["GET"]}}],"collection":[{"href":"https:\/\/innercircle.no\/index.php?rest_route=\/wp\/v2\/pages"}],"about":[{"href":"https:\/\/innercircle.no\/index.php?rest_route=\/wp\/v2\/types\/page"}],"author":[{"embeddable":true,"href":"https:\/\/innercircle.no\/index.php?rest_route=\/wp\/v2\/users\/1"}],"replies":[{"embeddable":true,"href":"https:\/\/innercircle.no\/index.php?rest_route=%2Fwp%2Fv2%2Fcomments&post=90"}],"version-history":[{"count":48,"href":"https:\/\/innercircle.no\/index.php?rest_route=\/wp\/v2\/pages\/90\/revisions"}],"predecessor-version":[{"id":986,"href":"https:\/\/innercircle.no\/index.php?rest_route=\/wp\/v2\/pages\/90\/revisions\/986"}],"wp:attachment":[{"href":"https:\/\/innercircle.no\/index.php?rest_route=%2Fwp%2Fv2%2Fmedia&parent=90"}],"curies":[{"name":"wp","href":"https:\/\/api.w.org\/{rel}","templated":true}]}}