{"id":899,"date":"2024-10-26T12:23:45","date_gmt":"2024-10-26T12:23:45","guid":{"rendered":"https:\/\/innercircle.no\/?page_id=899"},"modified":"2024-10-26T12:32:51","modified_gmt":"2024-10-26T12:32:51","slug":"morten-korsvold-leija","status":"publish","type":"page","link":"https:\/\/innercircle.no\/?page_id=899","title":{"rendered":"Morten Korsvold &#8211; Leija"},"content":{"rendered":"\t\t<div data-elementor-type=\"wp-page\" data-elementor-id=\"899\" class=\"elementor elementor-899\">\n\t\t\t\t\t\t<section class=\"elementor-section elementor-top-section elementor-element elementor-element-a2bf135 elementor-section-boxed elementor-section-height-default elementor-section-height-default\" data-id=\"a2bf135\" data-element_type=\"section\" data-e-type=\"section\">\n\t\t\t\t\t\t<div class=\"elementor-container elementor-column-gap-default\">\n\t\t\t\t\t<div class=\"elementor-column elementor-col-50 elementor-top-column elementor-element elementor-element-f6d9d75\" data-id=\"f6d9d75\" data-element_type=\"column\" data-e-type=\"column\">\n\t\t\t<div class=\"elementor-widget-wrap elementor-element-populated\">\n\t\t\t\t\t\t<div class=\"elementor-element elementor-element-132da71 elementor-widget elementor-widget-text-editor\" data-id=\"132da71\" data-element_type=\"widget\" data-e-type=\"widget\" data-widget_type=\"text-editor.default\">\n\t\t\t\t<div class=\"elementor-widget-container\">\n\t\t\t\t\t\t\t\t\t<div data-id=\"d7f24ba\" data-element_type=\"widget\" data-widget_type=\"image.default\"><img decoding=\"async\" src=\"http:\/\/innercircle.no\/wp-content\/uploads\/2024\/10\/Skjermbilde-2024-10-26-kl.-14.25.13.png\" alt=\"\" width=\"123\" height=\"71\" \/><\/div><div data-id=\"9e30403\" data-element_type=\"widget\" data-widget_type=\"theme-post-content.default\"><h2>Leija AS<\/h2><p class=\"font_9 wixui-rich-text__text\"><span class=\"wixui-rich-text__text\"><span class=\"color_36 wixui-rich-text__text\">Sv\u00f8mmer kontoret over av permer og papirer?<\/span><\/span><\/p><p class=\"font_9 wixui-rich-text__text\"><span class=\"wixui-rich-text__text\"><span class=\"color_36 wixui-rich-text__text\">Bruker dere un\u00f8dvendig mye tid p\u00e5 og finne bilag, kvitteringer, <\/span><\/span><span class=\"wixui-rich-text__text\"><span class=\"color_36 wixui-rich-text__text\">rydde i permer og rot?<\/span><\/span><\/p><p class=\"font_9 wixui-rich-text__text\"><span class=\"wixui-rich-text__text\"><span class=\"color_36 wixui-rich-text__text\">Vi i Leija hjelper dere gjerne &#8211; vi er heldigitalisert og samarbeider med flere akt\u00f8rer slik regnskap og \u00f8konomistyring flyter s\u00f8ml\u00f8st, papirfritt og fremfor alt &#8211;\u00a0effektivt!<\/span><\/span><\/p><p class=\"font_9 wixui-rich-text__text\"><span class=\"wixui-rich-text__text\"><span class=\"color_36 wixui-rich-text__text\">Vi leverer alle lovp\u00e5lagte innleveringer i tide, s\u00e5 som skatt, arbeidsgiveravgift, MVA og \u00e5rsoppgj\u00f8r.<\/span><\/span><\/p><p class=\"font_9 wixui-rich-text__text\"><span class=\"wixui-rich-text__text\"><span class=\"color_36 wixui-rich-text__text\">Vi hjelper dere med oppl\u00e6ring av nye systemer, vi setter regnskapsarbeidet i digital sving &#8211; og bist\u00e5r dere som controller.<\/span><\/span><\/p><p>Kontakt:\u00a0<span style=\"font-weight: bolder;\"><a href=\"https:\/\/www.linkedin.com\/in\/morten-a-korsvold-8b324331\/\" target=\"_blank\" rel=\"noopener\">Morten Korsvold<\/a><\/span><br \/>Telefon:\u00a0905 40 778\u202c<br \/>E-post: <a href=\"mailto:morten@leija.no\">morten@leija.no<\/a><br \/>WEB:\u00a0<a style=\"background-color: #ffffff;\" href=\"http:\/\/www.leija.no\/\">www.leija.no<\/a><\/p><\/div>\t\t\t\t\t\t\t\t<\/div>\n\t\t\t\t<\/div>\n\t\t\t\t\t<\/div>\n\t\t<\/div>\n\t\t\t\t<div class=\"elementor-column elementor-col-50 elementor-top-column elementor-element elementor-element-bee0568\" data-id=\"bee0568\" data-element_type=\"column\" data-e-type=\"column\">\n\t\t\t<div class=\"elementor-widget-wrap elementor-element-populated\">\n\t\t\t\t\t\t<div class=\"elementor-element elementor-element-0770673 elementor-widget elementor-widget-image\" data-id=\"0770673\" data-element_type=\"widget\" data-e-type=\"widget\" data-widget_type=\"image.default\">\n\t\t\t\t<div class=\"elementor-widget-container\">\n\t\t\t\t\t\t\t\t\t\t\t\t\t\t\t<img fetchpriority=\"high\" decoding=\"async\" width=\"754\" height=\"754\" src=\"https:\/\/innercircle.no\/wp-content\/uploads\/2024\/10\/1718278940659.jpeg\" class=\"attachment-large size-large wp-image-823\" alt=\"\" srcset=\"https:\/\/innercircle.no\/wp-content\/uploads\/2024\/10\/1718278940659.jpeg 754w, https:\/\/innercircle.no\/wp-content\/uploads\/2024\/10\/1718278940659-300x300.jpeg 300w, https:\/\/innercircle.no\/wp-content\/uploads\/2024\/10\/1718278940659-150x150.jpeg 150w\" sizes=\"(max-width: 754px) 100vw, 754px\" \/>\t\t\t\t\t\t\t\t\t\t\t\t\t\t\t<\/div>\n\t\t\t\t<\/div>\n\t\t\t\t\t<\/div>\n\t\t<\/div>\n\t\t\t\t\t<\/div>\n\t\t<\/section>\n\t\t\t\t<section class=\"elementor-section elementor-top-section elementor-element elementor-element-ad0a186 elementor-section-boxed elementor-section-height-default elementor-section-height-default\" data-id=\"ad0a186\" data-element_type=\"section\" data-e-type=\"section\">\n\t\t\t\t\t\t<div class=\"elementor-container elementor-column-gap-default\">\n\t\t\t\t\t<div class=\"elementor-column elementor-col-25 elementor-top-column elementor-element elementor-element-b73e0be\" data-id=\"b73e0be\" data-element_type=\"column\" data-e-type=\"column\">\n\t\t\t<div class=\"elementor-widget-wrap elementor-element-populated\">\n\t\t\t\t\t\t<div class=\"elementor-element elementor-element-1a15893 elementor-widget elementor-widget-image\" data-id=\"1a15893\" data-element_type=\"widget\" data-e-type=\"widget\" data-widget_type=\"image.default\">\n\t\t\t\t<div class=\"elementor-widget-container\">\n\t\t\t\t\t\t\t\t\t\t\t\t\t\t\t\t<a href=\"https:\/\/www.leija.no\/tjenester\" target=\"_blank\">\n\t\t\t\t\t\t\t<img decoding=\"async\" width=\"299\" height=\"403\" src=\"https:\/\/innercircle.no\/wp-content\/uploads\/2024\/10\/Skjermbilde-2024-10-26-kl.-14.30.18.png\" class=\"attachment-large size-large wp-image-908\" alt=\"\" srcset=\"https:\/\/innercircle.no\/wp-content\/uploads\/2024\/10\/Skjermbilde-2024-10-26-kl.-14.30.18.png 299w, https:\/\/innercircle.no\/wp-content\/uploads\/2024\/10\/Skjermbilde-2024-10-26-kl.-14.30.18-223x300.png 223w\" sizes=\"(max-width: 299px) 100vw, 299px\" \/>\t\t\t\t\t\t\t\t<\/a>\n\t\t\t\t\t\t\t\t\t\t\t\t\t\t\t<\/div>\n\t\t\t\t<\/div>\n\t\t\t\t\t<\/div>\n\t\t<\/div>\n\t\t\t\t<div class=\"elementor-column elementor-col-25 elementor-top-column elementor-element elementor-element-d546b08\" data-id=\"d546b08\" data-element_type=\"column\" data-e-type=\"column\">\n\t\t\t<div class=\"elementor-widget-wrap elementor-element-populated\">\n\t\t\t\t\t\t<div class=\"elementor-element elementor-element-107f987 elementor-widget elementor-widget-image\" data-id=\"107f987\" data-element_type=\"widget\" data-e-type=\"widget\" data-widget_type=\"image.default\">\n\t\t\t\t<div class=\"elementor-widget-container\">\n\t\t\t\t\t\t\t\t\t\t\t\t\t\t\t\t<a href=\"https:\/\/www.leija.no\/tjenester\" target=\"_blank\">\n\t\t\t\t\t\t\t<img loading=\"lazy\" decoding=\"async\" width=\"305\" height=\"377\" src=\"https:\/\/innercircle.no\/wp-content\/uploads\/2024\/10\/Skjermbilde-2024-10-26-kl.-14.30.27.png\" class=\"attachment-large size-large wp-image-911\" alt=\"\" srcset=\"https:\/\/innercircle.no\/wp-content\/uploads\/2024\/10\/Skjermbilde-2024-10-26-kl.-14.30.27.png 305w, https:\/\/innercircle.no\/wp-content\/uploads\/2024\/10\/Skjermbilde-2024-10-26-kl.-14.30.27-243x300.png 243w\" sizes=\"(max-width: 305px) 100vw, 305px\" \/>\t\t\t\t\t\t\t\t<\/a>\n\t\t\t\t\t\t\t\t\t\t\t\t\t\t\t<\/div>\n\t\t\t\t<\/div>\n\t\t\t\t\t<\/div>\n\t\t<\/div>\n\t\t\t\t<div class=\"elementor-column elementor-col-25 elementor-top-column elementor-element elementor-element-ca06153\" data-id=\"ca06153\" data-element_type=\"column\" data-e-type=\"column\">\n\t\t\t<div class=\"elementor-widget-wrap elementor-element-populated\">\n\t\t\t\t\t\t<div class=\"elementor-element elementor-element-830f97b elementor-widget elementor-widget-image\" data-id=\"830f97b\" data-element_type=\"widget\" data-e-type=\"widget\" data-widget_type=\"image.default\">\n\t\t\t\t<div class=\"elementor-widget-container\">\n\t\t\t\t\t\t\t\t\t\t\t\t\t\t\t\t<a href=\"https:\/\/www.leija.no\/tjenester\" target=\"_blank\">\n\t\t\t\t\t\t\t<img loading=\"lazy\" decoding=\"async\" width=\"287\" height=\"375\" src=\"https:\/\/innercircle.no\/wp-content\/uploads\/2024\/10\/Skjermbilde-2024-10-26-kl.-14.30.40.png\" class=\"attachment-large size-large wp-image-910\" alt=\"\" srcset=\"https:\/\/innercircle.no\/wp-content\/uploads\/2024\/10\/Skjermbilde-2024-10-26-kl.-14.30.40.png 287w, https:\/\/innercircle.no\/wp-content\/uploads\/2024\/10\/Skjermbilde-2024-10-26-kl.-14.30.40-230x300.png 230w\" sizes=\"(max-width: 287px) 100vw, 287px\" \/>\t\t\t\t\t\t\t\t<\/a>\n\t\t\t\t\t\t\t\t\t\t\t\t\t\t\t<\/div>\n\t\t\t\t<\/div>\n\t\t\t\t\t<\/div>\n\t\t<\/div>\n\t\t\t\t<div class=\"elementor-column elementor-col-25 elementor-top-column elementor-element elementor-element-42a003c\" data-id=\"42a003c\" data-element_type=\"column\" data-e-type=\"column\">\n\t\t\t<div class=\"elementor-widget-wrap elementor-element-populated\">\n\t\t\t\t\t\t<div class=\"elementor-element elementor-element-11bde27 elementor-widget elementor-widget-image\" data-id=\"11bde27\" data-element_type=\"widget\" data-e-type=\"widget\" data-widget_type=\"image.default\">\n\t\t\t\t<div class=\"elementor-widget-container\">\n\t\t\t\t\t\t\t\t\t\t\t\t\t\t\t\t<a href=\"https:\/\/www.leija.no\/tjenester\" target=\"_blank\">\n\t\t\t\t\t\t\t<img loading=\"lazy\" decoding=\"async\" width=\"304\" height=\"381\" src=\"https:\/\/innercircle.no\/wp-content\/uploads\/2024\/10\/Skjermbilde-2024-10-26-kl.-14.30.46.png\" class=\"attachment-large size-large wp-image-909\" alt=\"\" srcset=\"https:\/\/innercircle.no\/wp-content\/uploads\/2024\/10\/Skjermbilde-2024-10-26-kl.-14.30.46.png 304w, https:\/\/innercircle.no\/wp-content\/uploads\/2024\/10\/Skjermbilde-2024-10-26-kl.-14.30.46-239x300.png 239w\" sizes=\"(max-width: 304px) 100vw, 304px\" \/>\t\t\t\t\t\t\t\t<\/a>\n\t\t\t\t\t\t\t\t\t\t\t\t\t\t\t<\/div>\n\t\t\t\t<\/div>\n\t\t\t\t\t<\/div>\n\t\t<\/div>\n\t\t\t\t\t<\/div>\n\t\t<\/section>\n\t\t\t\t<\/div>\n\t\t","protected":false},"excerpt":{"rendered":"<p>Leija AS Sv\u00f8mmer kontoret over av permer og papirer? Bruker dere un\u00f8dvendig mye tid p\u00e5 og finne bilag, kvitteringer, rydde i permer og rot? Vi i Leija hjelper dere gjerne &#8211; vi er heldigitalisert og samarbeider med flere akt\u00f8rer slik regnskap og \u00f8konomistyring flyter s\u00f8ml\u00f8st, papirfritt og fremfor alt &#8211;\u00a0effektivt! Vi leverer alle lovp\u00e5lagte innleveringer [&hellip;]<\/p>\n","protected":false},"author":1,"featured_media":0,"parent":0,"menu_order":0,"comment_status":"closed","ping_status":"closed","template":"","meta":{"footnotes":""},"class_list":["post-899","page","type-page","status-publish","hentry"],"_links":{"self":[{"href":"https:\/\/innercircle.no\/index.php?rest_route=\/wp\/v2\/pages\/899","targetHints":{"allow":["GET"]}}],"collection":[{"href":"https:\/\/innercircle.no\/index.php?rest_route=\/wp\/v2\/pages"}],"about":[{"href":"https:\/\/innercircle.no\/index.php?rest_route=\/wp\/v2\/types\/page"}],"author":[{"embeddable":true,"href":"https:\/\/innercircle.no\/index.php?rest_route=\/wp\/v2\/users\/1"}],"replies":[{"embeddable":true,"href":"https:\/\/innercircle.no\/index.php?rest_route=%2Fwp%2Fv2%2Fcomments&post=899"}],"version-history":[{"count":16,"href":"https:\/\/innercircle.no\/index.php?rest_route=\/wp\/v2\/pages\/899\/revisions"}],"predecessor-version":[{"id":923,"href":"https:\/\/innercircle.no\/index.php?rest_route=\/wp\/v2\/pages\/899\/revisions\/923"}],"wp:attachment":[{"href":"https:\/\/innercircle.no\/index.php?rest_route=%2Fwp%2Fv2%2Fmedia&parent=899"}],"curies":[{"name":"wp","href":"https:\/\/api.w.org\/{rel}","templated":true}]}}