{"id":876,"date":"2024-10-26T12:12:02","date_gmt":"2024-10-26T12:12:02","guid":{"rendered":"https:\/\/innercircle.no\/?page_id=876"},"modified":"2026-02-24T15:09:11","modified_gmt":"2026-02-24T15:09:11","slug":"eirik-ohlschlagel-brunata","status":"publish","type":"page","link":"https:\/\/innercircle.no\/?page_id=876","title":{"rendered":"Eirik Ohlschlagel &#8211; Brunata"},"content":{"rendered":"\t\t<div data-elementor-type=\"wp-page\" data-elementor-id=\"876\" class=\"elementor elementor-876\">\n\t\t\t\t\t\t<section class=\"elementor-section elementor-top-section elementor-element elementor-element-429063d elementor-section-boxed elementor-section-height-default elementor-section-height-default\" data-id=\"429063d\" data-element_type=\"section\" data-e-type=\"section\">\n\t\t\t\t\t\t<div class=\"elementor-container elementor-column-gap-default\">\n\t\t\t\t\t<div class=\"elementor-column elementor-col-50 elementor-top-column elementor-element elementor-element-d5777ac\" data-id=\"d5777ac\" data-element_type=\"column\" data-e-type=\"column\">\n\t\t\t<div class=\"elementor-widget-wrap elementor-element-populated\">\n\t\t\t\t\t\t<div class=\"elementor-element elementor-element-58a75e2 elementor-widget elementor-widget-text-editor\" data-id=\"58a75e2\" data-element_type=\"widget\" data-e-type=\"widget\" data-widget_type=\"text-editor.default\">\n\t\t\t\t<div class=\"elementor-widget-container\">\n\t\t\t\t\t\t\t\t\t<div data-id=\"d7f24ba\" data-element_type=\"widget\" data-widget_type=\"image.default\"><img decoding=\"async\" class=\"alignnone size-full wp-image-881\" src=\"http:\/\/innercircle.no\/wp-content\/uploads\/2024\/10\/Skjermbilde-2024-10-26-kl.-14.13.22.png\" alt=\"\" width=\"181\" height=\"73\"><\/div>\n<div data-id=\"d7f24ba\" data-element_type=\"widget\" data-widget_type=\"image.default\">&nbsp;<\/div>\n<div data-id=\"9e30403\" data-element_type=\"widget\" data-widget_type=\"theme-post-content.default\">\n<h2>Brunata Norge<\/h2>\n<p><span style=\"color: rgba(0, 0, 0, 0.6); font-family: -apple-system, system-ui, 'system-ui', 'Segoe UI', Roboto, 'Helvetica Neue', 'Fira Sans', Ubuntu, Oxygen, 'Oxygen Sans', Cantarell, 'Droid Sans', 'Apple Color Emoji', 'Segoe UI Emoji', 'Segoe UI Emoji', 'Segoe UI Symbol', 'Lucida Grande', Helvetica, Arial, sans-serif; font-size: 14.875px; white-space-collapse: preserve; font-weight: var( --e-global-typography-text-font-weight );\">Fra forbruksregnskaper og intelligente m\u00e5lere til IoT-l\u00f8sninger og Smart <\/span><span style=\"color: rgba(0, 0, 0, 0.6); font-family: -apple-system, system-ui, 'system-ui', 'Segoe UI', Roboto, 'Helvetica Neue', 'Fira Sans', Ubuntu, Oxygen, 'Oxygen Sans', Cantarell, 'Droid Sans', 'Apple Color Emoji', 'Segoe UI Emoji', 'Segoe UI Emoji', 'Segoe UI Symbol', 'Lucida Grande', Helvetica, Arial, sans-serif; font-size: 14.875px; font-weight: var( --e-global-typography-text-font-weight ); white-space-collapse: preserve;\">Building-tjenester. Brunata tilbyr et omfattende utvalg av produkter og tjenesters som gj\u00f8r det enklere \u00e5 optimalisere energibruken i boliger og bygninger <\/span><\/p>\n<p>Kontakt: <b>Eirik Ohlschl\u00e4gel<\/b><br>Telefon:&nbsp;907 57 136<br>E-post:&nbsp;<a href=\"mailto:eir@brunata.no\">eir@brunata.no<\/a><br>WEB:&nbsp;<span style=\"background-color: #ffffff;\"><a href=\"https:\/\/brunata.com\/no\/norway\/\">www.brunata.no<\/a><\/span><\/p>\n<\/div>\t\t\t\t\t\t\t\t<\/div>\n\t\t\t\t<\/div>\n\t\t\t\t\t<\/div>\n\t\t<\/div>\n\t\t\t\t<div class=\"elementor-column elementor-col-50 elementor-top-column elementor-element elementor-element-fbcc307\" data-id=\"fbcc307\" data-element_type=\"column\" data-e-type=\"column\">\n\t\t\t<div class=\"elementor-widget-wrap elementor-element-populated\">\n\t\t\t\t\t\t<div class=\"elementor-element elementor-element-03fd9e2 elementor-widget elementor-widget-image\" data-id=\"03fd9e2\" data-element_type=\"widget\" data-e-type=\"widget\" data-widget_type=\"image.default\">\n\t\t\t\t<div class=\"elementor-widget-container\">\n\t\t\t\t\t\t\t\t\t\t\t\t\t\t\t<img fetchpriority=\"high\" decoding=\"async\" width=\"450\" height=\"450\" src=\"https:\/\/innercircle.no\/wp-content\/uploads\/2024\/10\/1516278076941.jpeg\" class=\"attachment-large size-large wp-image-819\" alt=\"\" srcset=\"https:\/\/innercircle.no\/wp-content\/uploads\/2024\/10\/1516278076941.jpeg 450w, https:\/\/innercircle.no\/wp-content\/uploads\/2024\/10\/1516278076941-300x300.jpeg 300w, https:\/\/innercircle.no\/wp-content\/uploads\/2024\/10\/1516278076941-150x150.jpeg 150w\" sizes=\"(max-width: 450px) 100vw, 450px\" \/>\t\t\t\t\t\t\t\t\t\t\t\t\t\t\t<\/div>\n\t\t\t\t<\/div>\n\t\t\t\t\t<\/div>\n\t\t<\/div>\n\t\t\t\t\t<\/div>\n\t\t<\/section>\n\t\t\t\t<section class=\"elementor-section elementor-top-section elementor-element elementor-element-ace8781 elementor-section-boxed elementor-section-height-default elementor-section-height-default\" data-id=\"ace8781\" data-element_type=\"section\" data-e-type=\"section\">\n\t\t\t\t\t\t<div class=\"elementor-container elementor-column-gap-default\">\n\t\t\t\t\t<div class=\"elementor-column elementor-col-50 elementor-top-column elementor-element elementor-element-a7c0df9\" data-id=\"a7c0df9\" data-element_type=\"column\" data-e-type=\"column\">\n\t\t\t<div class=\"elementor-widget-wrap elementor-element-populated\">\n\t\t\t\t\t\t<div class=\"elementor-element elementor-element-aa67249 elementor-widget elementor-widget-image\" data-id=\"aa67249\" data-element_type=\"widget\" data-e-type=\"widget\" data-widget_type=\"image.default\">\n\t\t\t\t<div class=\"elementor-widget-container\">\n\t\t\t\t\t\t\t\t\t\t\t\t\t\t\t\t<a href=\"https:\/\/brunata.com\/no\/losninger-og-tjenester\/brunata-online\/\" target=\"_blank\">\n\t\t\t\t\t\t\t<img decoding=\"async\" width=\"800\" height=\"600\" src=\"https:\/\/innercircle.no\/wp-content\/uploads\/2024\/10\/Brunata-Online-desktop-1024x768.jpg\" class=\"attachment-large size-large wp-image-885\" alt=\"\" srcset=\"https:\/\/innercircle.no\/wp-content\/uploads\/2024\/10\/Brunata-Online-desktop-1024x768.jpg 1024w, https:\/\/innercircle.no\/wp-content\/uploads\/2024\/10\/Brunata-Online-desktop-300x225.jpg 300w, https:\/\/innercircle.no\/wp-content\/uploads\/2024\/10\/Brunata-Online-desktop-768x576.jpg 768w, https:\/\/innercircle.no\/wp-content\/uploads\/2024\/10\/Brunata-Online-desktop.jpg 1200w\" sizes=\"(max-width: 800px) 100vw, 800px\" \/>\t\t\t\t\t\t\t\t<\/a>\n\t\t\t\t\t\t\t\t\t\t\t\t\t\t\t<\/div>\n\t\t\t\t<\/div>\n\t\t\t\t\t<\/div>\n\t\t<\/div>\n\t\t\t\t<div class=\"elementor-column elementor-col-50 elementor-top-column elementor-element elementor-element-66b8517\" data-id=\"66b8517\" data-element_type=\"column\" data-e-type=\"column\">\n\t\t\t<div class=\"elementor-widget-wrap elementor-element-populated\">\n\t\t\t\t\t\t<div class=\"elementor-element elementor-element-1849598 elementor-widget elementor-widget-image\" data-id=\"1849598\" data-element_type=\"widget\" data-e-type=\"widget\" data-widget_type=\"image.default\">\n\t\t\t\t<div class=\"elementor-widget-container\">\n\t\t\t\t\t\t\t\t\t\t\t\t\t\t\t\t<a href=\"https:\/\/brunata.com\/no\/lorawan\/\" target=\"_blank\">\n\t\t\t\t\t\t\t<img loading=\"lazy\" decoding=\"async\" width=\"800\" height=\"600\" src=\"https:\/\/innercircle.no\/wp-content\/uploads\/2024\/10\/Indoor-climate-sensor-1024x768.jpg\" class=\"attachment-large size-large wp-image-886\" alt=\"\" srcset=\"https:\/\/innercircle.no\/wp-content\/uploads\/2024\/10\/Indoor-climate-sensor-1024x768.jpg 1024w, https:\/\/innercircle.no\/wp-content\/uploads\/2024\/10\/Indoor-climate-sensor-300x225.jpg 300w, https:\/\/innercircle.no\/wp-content\/uploads\/2024\/10\/Indoor-climate-sensor-768x576.jpg 768w, https:\/\/innercircle.no\/wp-content\/uploads\/2024\/10\/Indoor-climate-sensor.jpg 1200w\" sizes=\"(max-width: 800px) 100vw, 800px\" \/>\t\t\t\t\t\t\t\t<\/a>\n\t\t\t\t\t\t\t\t\t\t\t\t\t\t\t<\/div>\n\t\t\t\t<\/div>\n\t\t\t\t\t<\/div>\n\t\t<\/div>\n\t\t\t\t\t<\/div>\n\t\t<\/section>\n\t\t\t\t<\/div>\n\t\t","protected":false},"excerpt":{"rendered":"<p>&nbsp; Brunata Norge Fra forbruksregnskaper og intelligente m\u00e5lere til IoT-l\u00f8sninger og Smart Building-tjenester. Brunata tilbyr et omfattende utvalg av produkter og tjenesters som gj\u00f8r det enklere \u00e5 optimalisere energibruken i boliger og bygninger Kontakt: Eirik Ohlschl\u00e4gelTelefon:&nbsp;907 57 136E-post:&nbsp;eir@brunata.noWEB:&nbsp;www.brunata.no<\/p>\n","protected":false},"author":1,"featured_media":0,"parent":0,"menu_order":0,"comment_status":"closed","ping_status":"closed","template":"","meta":{"footnotes":""},"class_list":["post-876","page","type-page","status-publish","hentry"],"_links":{"self":[{"href":"https:\/\/innercircle.no\/index.php?rest_route=\/wp\/v2\/pages\/876","targetHints":{"allow":["GET"]}}],"collection":[{"href":"https:\/\/innercircle.no\/index.php?rest_route=\/wp\/v2\/pages"}],"about":[{"href":"https:\/\/innercircle.no\/index.php?rest_route=\/wp\/v2\/types\/page"}],"author":[{"embeddable":true,"href":"https:\/\/innercircle.no\/index.php?rest_route=\/wp\/v2\/users\/1"}],"replies":[{"embeddable":true,"href":"https:\/\/innercircle.no\/index.php?rest_route=%2Fwp%2Fv2%2Fcomments&post=876"}],"version-history":[{"count":19,"href":"https:\/\/innercircle.no\/index.php?rest_route=\/wp\/v2\/pages\/876\/revisions"}],"predecessor-version":[{"id":971,"href":"https:\/\/innercircle.no\/index.php?rest_route=\/wp\/v2\/pages\/876\/revisions\/971"}],"wp:attachment":[{"href":"https:\/\/innercircle.no\/index.php?rest_route=%2Fwp%2Fv2%2Fmedia&parent=876"}],"curies":[{"name":"wp","href":"https:\/\/api.w.org\/{rel}","templated":true}]}}