{"id":612,"date":"2023-01-12T16:09:36","date_gmt":"2023-01-12T16:09:36","guid":{"rendered":"https:\/\/innercircle.no\/?page_id=612"},"modified":"2026-02-24T15:29:44","modified_gmt":"2026-02-24T15:29:44","slug":"lars-o-saga-vinaroma","status":"publish","type":"page","link":"https:\/\/innercircle.no\/?page_id=612","title":{"rendered":"Lars O Saga &#8211; Vinaroma"},"content":{"rendered":"\t\t<div data-elementor-type=\"wp-page\" data-elementor-id=\"612\" class=\"elementor elementor-612\">\n\t\t\t\t\t\t<section class=\"elementor-section elementor-top-section elementor-element elementor-element-698fd2b elementor-section-boxed elementor-section-height-default elementor-section-height-default\" data-id=\"698fd2b\" data-element_type=\"section\" data-e-type=\"section\">\n\t\t\t\t\t\t<div class=\"elementor-container elementor-column-gap-default\">\n\t\t\t\t\t<div class=\"elementor-column elementor-col-100 elementor-top-column elementor-element elementor-element-847f625\" data-id=\"847f625\" data-element_type=\"column\" data-e-type=\"column\">\n\t\t\t<div class=\"elementor-widget-wrap elementor-element-populated\">\n\t\t\t\t\t\t<div class=\"elementor-element elementor-element-70c96ea elementor-widget elementor-widget-image\" data-id=\"70c96ea\" data-element_type=\"widget\" data-e-type=\"widget\" data-widget_type=\"image.default\">\n\t\t\t\t<div class=\"elementor-widget-container\">\n\t\t\t\t\t\t\t\t\t\t\t\t\t\t\t<img decoding=\"async\" width=\"300\" height=\"55\" src=\"https:\/\/innercircle.no\/wp-content\/uploads\/2023\/01\/logo_VinaromaGroup_black-300x55.png\" class=\"attachment-medium size-medium wp-image-613\" alt=\"\" srcset=\"https:\/\/innercircle.no\/wp-content\/uploads\/2023\/01\/logo_VinaromaGroup_black-300x55.png 300w, https:\/\/innercircle.no\/wp-content\/uploads\/2023\/01\/logo_VinaromaGroup_black-1024x189.png 1024w, https:\/\/innercircle.no\/wp-content\/uploads\/2023\/01\/logo_VinaromaGroup_black-768x142.png 768w, https:\/\/innercircle.no\/wp-content\/uploads\/2023\/01\/logo_VinaromaGroup_black-1536x283.png 1536w, https:\/\/innercircle.no\/wp-content\/uploads\/2023\/01\/logo_VinaromaGroup_black-2048x377.png 2048w\" sizes=\"(max-width: 300px) 100vw, 300px\" \/>\t\t\t\t\t\t\t\t\t\t\t\t\t\t\t<\/div>\n\t\t\t\t<\/div>\n\t\t\t\t\t<\/div>\n\t\t<\/div>\n\t\t\t\t\t<\/div>\n\t\t<\/section>\n\t\t\t\t<section class=\"elementor-section elementor-top-section elementor-element elementor-element-e006f71 elementor-section-boxed elementor-section-height-default elementor-section-height-default\" data-id=\"e006f71\" data-element_type=\"section\" data-e-type=\"section\">\n\t\t\t\t\t\t<div class=\"elementor-container elementor-column-gap-default\">\n\t\t\t\t\t<div class=\"elementor-column elementor-col-50 elementor-top-column elementor-element elementor-element-cf2bfa8\" data-id=\"cf2bfa8\" data-element_type=\"column\" data-e-type=\"column\">\n\t\t\t<div class=\"elementor-widget-wrap elementor-element-populated\">\n\t\t\t\t\t\t<div class=\"elementor-element elementor-element-a41309b elementor-widget elementor-widget-text-editor\" data-id=\"a41309b\" data-element_type=\"widget\" data-e-type=\"widget\" data-widget_type=\"text-editor.default\">\n\t\t\t\t<div class=\"elementor-widget-container\">\n\t\t\t\t\t\t\t\t\t<p>Vinimportselskapet Vinaroma AS, i dag\u00a0<strong>Vinaroma Group<\/strong>,\u00a0ble etablert v\u00e5ren 2009 og\u00a0best\u00e5r n\u00e5 av 5\u00a0selskaper:\u00a0<em>Vinaroma AS<\/em>,\u00a0<em>Talking Wines AS<\/em>,\u00a0<em>Vinissimo AS, Sansa Valore AS<\/em>\u00a0og\u00a0<em>Samvinlaget AS<\/em>. De ansatte best\u00e5r\u00a0av drevne, engasjerte og erfarne mennesker som har lidenskap for det de gj\u00f8r. Hovedeier og daglig leder Lars O. Saga har lang erfaring fra logistikk og vinbransjen som g\u00e5r tilbake til 1998 og har med sitt brennende engasjement f\u00e5tt Vinaroma AS til \u00e5 bli en velrenomert vinimport\u00f8r i Norge.\u00a0<\/p><p>V\u00e5rt m\u00e5l er \u00e5 ha en variasjonsrik portef\u00f8lje hvor vi jobber aktivt med hver varelinje for \u00e5 oppn\u00e5 solide volumer per produkt og produsent. \u00a0<\/p><p>Vi tilbyr\u00a0vinsmakinger som kan gjennomf\u00f8res hjemme hos deg, p\u00e5 kontoret, restaurant etc.\u00a0Videre kan vi arrangere\u00a0reise og ving\u00e5rdbes\u00f8k\u00a0til v\u00e5re produsenter. Vinsmaking\u00a0og vinreise\u00a0legges opp etter samtale med deg\u00a0hvor vi blir enige om ambisjonsniv\u00e5 og innhold.<\/p><p><span style=\"color: #b89432; font-family: 'Libre Baskerville', serif; font-size: 22px;\">Vinaroma Group importerer, distribuerer og selger n\u00f8ye utvalgte kvalitetsprodukter fra Italia, Frankrike, Spania, Tyskland og USA via hoteller og restauranter, med hovedfokus p\u00e5 Vinmonopolet.<\/span><\/p><p>Kontakt:\u00a0<a href=\"https:\/\/www.linkedin.com\/in\/lars-saga-ba70b721\/\"><span style=\"background-color: #ffffff;\">L<\/span>ars O Saga<\/a><br \/>Telefon: \u202d913 99 380\u202c<br \/>E-post:\u00a0<a style=\"background-color: #ffffff;\" href=\"mailto:lars.saga@vinaroma.no\">lars.saga@vinaroma.no<\/a><br \/>WEB:\u00a0<a style=\"background-color: #ffffff; font-size: 1rem;\" href=\"http:\/\/www.vinaroma.no\/\" target=\"_blank\" rel=\"noopener\">https:\/\/www.vinaroma.no\/<\/a><\/p>\t\t\t\t\t\t\t\t<\/div>\n\t\t\t\t<\/div>\n\t\t\t\t\t<\/div>\n\t\t<\/div>\n\t\t\t\t<div class=\"elementor-column elementor-col-50 elementor-top-column elementor-element elementor-element-c16e550\" data-id=\"c16e550\" data-element_type=\"column\" data-e-type=\"column\">\n\t\t\t<div class=\"elementor-widget-wrap elementor-element-populated\">\n\t\t\t\t\t\t<div class=\"elementor-element elementor-element-330cdc0 elementor-widget elementor-widget-image\" data-id=\"330cdc0\" data-element_type=\"widget\" data-e-type=\"widget\" data-widget_type=\"image.default\">\n\t\t\t\t<div class=\"elementor-widget-container\">\n\t\t\t\t\t\t\t\t\t\t\t\t\t\t\t<img fetchpriority=\"high\" decoding=\"async\" width=\"400\" height=\"400\" src=\"https:\/\/innercircle.no\/wp-content\/uploads\/2023\/01\/Lars-Saga.jpeg\" class=\"attachment-large size-large wp-image-608\" alt=\"\" srcset=\"https:\/\/innercircle.no\/wp-content\/uploads\/2023\/01\/Lars-Saga.jpeg 400w, https:\/\/innercircle.no\/wp-content\/uploads\/2023\/01\/Lars-Saga-300x300.jpeg 300w, https:\/\/innercircle.no\/wp-content\/uploads\/2023\/01\/Lars-Saga-150x150.jpeg 150w\" sizes=\"(max-width: 400px) 100vw, 400px\" \/>\t\t\t\t\t\t\t\t\t\t\t\t\t\t\t<\/div>\n\t\t\t\t<\/div>\n\t\t\t\t\t<\/div>\n\t\t<\/div>\n\t\t\t\t\t<\/div>\n\t\t<\/section>\n\t\t\t\t<section class=\"elementor-section elementor-top-section elementor-element elementor-element-ea6020e elementor-section-boxed elementor-section-height-default elementor-section-height-default\" data-id=\"ea6020e\" data-element_type=\"section\" data-e-type=\"section\">\n\t\t\t\t\t\t<div class=\"elementor-container elementor-column-gap-default\">\n\t\t\t\t\t<div class=\"elementor-column elementor-col-50 elementor-top-column elementor-element elementor-element-2a18d61\" data-id=\"2a18d61\" data-element_type=\"column\" data-e-type=\"column\">\n\t\t\t<div class=\"elementor-widget-wrap elementor-element-populated\">\n\t\t\t\t\t\t<div class=\"elementor-element elementor-element-60cba21 elementor-widget elementor-widget-image\" data-id=\"60cba21\" data-element_type=\"widget\" data-e-type=\"widget\" data-widget_type=\"image.default\">\n\t\t\t\t<div class=\"elementor-widget-container\">\n\t\t\t\t\t\t\t\t\t\t\t\t\t\t\t\t<a href=\"https:\/\/www.vinaroma.no\/omoss\">\n\t\t\t\t\t\t\t<img decoding=\"async\" width=\"750\" height=\"527\" src=\"https:\/\/innercircle.no\/wp-content\/uploads\/2023\/01\/fil_30.11.2017_13_30_24__bildespalte.jpeg\" class=\"attachment-large size-large wp-image-614\" alt=\"\" srcset=\"https:\/\/innercircle.no\/wp-content\/uploads\/2023\/01\/fil_30.11.2017_13_30_24__bildespalte.jpeg 750w, https:\/\/innercircle.no\/wp-content\/uploads\/2023\/01\/fil_30.11.2017_13_30_24__bildespalte-300x211.jpeg 300w\" sizes=\"(max-width: 750px) 100vw, 750px\" \/>\t\t\t\t\t\t\t\t<\/a>\n\t\t\t\t\t\t\t\t\t\t\t\t\t\t\t<\/div>\n\t\t\t\t<\/div>\n\t\t\t\t\t<\/div>\n\t\t<\/div>\n\t\t\t\t<div class=\"elementor-column elementor-col-50 elementor-top-column elementor-element elementor-element-e86851d\" data-id=\"e86851d\" data-element_type=\"column\" data-e-type=\"column\">\n\t\t\t<div class=\"elementor-widget-wrap elementor-element-populated\">\n\t\t\t\t\t\t<div class=\"elementor-element elementor-element-a4de9e2 elementor-widget elementor-widget-image\" data-id=\"a4de9e2\" data-element_type=\"widget\" data-e-type=\"widget\" data-widget_type=\"image.default\">\n\t\t\t\t<div class=\"elementor-widget-container\">\n\t\t\t\t\t\t\t\t\t\t\t\t\t\t\t\t<a href=\"https:\/\/www.vinaroma.no\/produkter\">\n\t\t\t\t\t\t\t<img loading=\"lazy\" decoding=\"async\" width=\"750\" height=\"527\" src=\"https:\/\/innercircle.no\/wp-content\/uploads\/2023\/01\/valdo_confezioni_regalo_2010-1__bildespalte.png\" class=\"attachment-large size-large wp-image-615\" alt=\"\" srcset=\"https:\/\/innercircle.no\/wp-content\/uploads\/2023\/01\/valdo_confezioni_regalo_2010-1__bildespalte.png 750w, https:\/\/innercircle.no\/wp-content\/uploads\/2023\/01\/valdo_confezioni_regalo_2010-1__bildespalte-300x211.png 300w\" sizes=\"(max-width: 750px) 100vw, 750px\" \/>\t\t\t\t\t\t\t\t<\/a>\n\t\t\t\t\t\t\t\t\t\t\t\t\t\t\t<\/div>\n\t\t\t\t<\/div>\n\t\t\t\t\t<\/div>\n\t\t<\/div>\n\t\t\t\t\t<\/div>\n\t\t<\/section>\n\t\t\t\t<\/div>\n\t\t","protected":false},"excerpt":{"rendered":"<p>Vinimportselskapet Vinaroma AS, i dag\u00a0Vinaroma Group,\u00a0ble etablert v\u00e5ren 2009 og\u00a0best\u00e5r n\u00e5 av 5\u00a0selskaper:\u00a0Vinaroma AS,\u00a0Talking Wines AS,\u00a0Vinissimo AS, Sansa Valore AS\u00a0og\u00a0Samvinlaget AS. De ansatte best\u00e5r\u00a0av drevne, engasjerte og erfarne mennesker som har lidenskap for det de gj\u00f8r. Hovedeier og daglig leder Lars O. Saga har lang erfaring fra logistikk og vinbransjen som g\u00e5r tilbake til 1998 [&hellip;]<\/p>\n","protected":false},"author":1,"featured_media":0,"parent":0,"menu_order":0,"comment_status":"closed","ping_status":"closed","template":"","meta":{"footnotes":""},"class_list":["post-612","page","type-page","status-publish","hentry"],"_links":{"self":[{"href":"https:\/\/innercircle.no\/index.php?rest_route=\/wp\/v2\/pages\/612","targetHints":{"allow":["GET"]}}],"collection":[{"href":"https:\/\/innercircle.no\/index.php?rest_route=\/wp\/v2\/pages"}],"about":[{"href":"https:\/\/innercircle.no\/index.php?rest_route=\/wp\/v2\/types\/page"}],"author":[{"embeddable":true,"href":"https:\/\/innercircle.no\/index.php?rest_route=\/wp\/v2\/users\/1"}],"replies":[{"embeddable":true,"href":"https:\/\/innercircle.no\/index.php?rest_route=%2Fwp%2Fv2%2Fcomments&post=612"}],"version-history":[{"count":15,"href":"https:\/\/innercircle.no\/index.php?rest_route=\/wp\/v2\/pages\/612\/revisions"}],"predecessor-version":[{"id":983,"href":"https:\/\/innercircle.no\/index.php?rest_route=\/wp\/v2\/pages\/612\/revisions\/983"}],"wp:attachment":[{"href":"https:\/\/innercircle.no\/index.php?rest_route=%2Fwp%2Fv2%2Fmedia&parent=612"}],"curies":[{"name":"wp","href":"https:\/\/api.w.org\/{rel}","templated":true}]}}