{"id":380,"date":"2022-10-19T16:45:12","date_gmt":"2022-10-19T16:45:12","guid":{"rendered":"https:\/\/innercircle.no\/?page_id=380"},"modified":"2022-10-20T15:13:28","modified_gmt":"2022-10-20T15:13:28","slug":"rolf-andreas-morck-consol-as","status":"publish","type":"page","link":"https:\/\/innercircle.no\/?page_id=380","title":{"rendered":"Rolf Andreas M\u00f8rck &#8211; Consol AS"},"content":{"rendered":"\t\t<div data-elementor-type=\"wp-page\" data-elementor-id=\"380\" class=\"elementor elementor-380\">\n\t\t\t\t\t\t<section class=\"elementor-section elementor-top-section elementor-element elementor-element-ddff9e0 elementor-section-boxed elementor-section-height-default elementor-section-height-default\" data-id=\"ddff9e0\" data-element_type=\"section\" data-e-type=\"section\">\n\t\t\t\t\t\t<div class=\"elementor-container elementor-column-gap-default\">\n\t\t\t\t\t<div class=\"elementor-column elementor-col-100 elementor-top-column elementor-element elementor-element-58d6abf\" data-id=\"58d6abf\" data-element_type=\"column\" data-e-type=\"column\">\n\t\t\t<div class=\"elementor-widget-wrap elementor-element-populated\">\n\t\t\t\t\t\t<section class=\"elementor-section elementor-inner-section elementor-element elementor-element-82d2a21 elementor-section-boxed elementor-section-height-default elementor-section-height-default\" data-id=\"82d2a21\" data-element_type=\"section\" data-e-type=\"section\">\n\t\t\t\t\t\t<div class=\"elementor-container elementor-column-gap-default\">\n\t\t\t\t\t<div class=\"elementor-column elementor-col-50 elementor-inner-column elementor-element elementor-element-906d958\" data-id=\"906d958\" data-element_type=\"column\" data-e-type=\"column\">\n\t\t\t<div class=\"elementor-widget-wrap elementor-element-populated\">\n\t\t\t\t\t\t<div class=\"elementor-element elementor-element-ba8d5d8 elementor-widget elementor-widget-text-editor\" data-id=\"ba8d5d8\" data-element_type=\"widget\" data-e-type=\"widget\" data-widget_type=\"text-editor.default\">\n\t\t\t\t<div class=\"elementor-widget-container\">\n\t\t\t\t\t\t\t\t\t<div data-id=\"9e30403\" data-element_type=\"widget\" data-widget_type=\"theme-post-content.default\"><h2><img decoding=\"async\" class=\"alignnone size-medium wp-image-383\" src=\"http:\/\/innercircle.no\/wp-content\/uploads\/2022\/10\/consol_logo-300x43.png\" alt=\"\" width=\"300\" height=\"43\" srcset=\"https:\/\/innercircle.no\/wp-content\/uploads\/2022\/10\/consol_logo-300x43.png 300w, https:\/\/innercircle.no\/wp-content\/uploads\/2022\/10\/consol_logo-1024x145.png 1024w, https:\/\/innercircle.no\/wp-content\/uploads\/2022\/10\/consol_logo-768x109.png 768w, https:\/\/innercircle.no\/wp-content\/uploads\/2022\/10\/consol_logo-1536x218.png 1536w, https:\/\/innercircle.no\/wp-content\/uploads\/2022\/10\/consol_logo.png 2035w\" sizes=\"(max-width: 300px) 100vw, 300px\" \/><\/h2><p>Consol AS er en landsdekkende bedrift som er spesialist p\u00e5 solskjerming og filmprodukter for vinduer, glassd\u00f8rer og moderne kontorer. Du finner v\u00e5re forhandlere over hele Norge.<\/p><p><strong>Trenger du r\u00e5d og inspirasjon?<\/strong><br \/>Vi har mange \u00e5rs erfaring med \u00e5 finne den optimale solskjermingen, innsynshindringen eller sikkerhetsproduktet for nettopp ditt hjem.<\/p><p><strong>Solskjerming etter m\u00e5l<\/strong><br \/>V\u00e5re produkter blir produsert etter m\u00e5l. Vi s\u00f8rger for at at de passer perfekt inn i p\u00e5 ditt kontor, hjem eller fritidsbolig.<\/p><p><strong>Vil du at vi monterer for deg?<\/strong><br \/>Vi anbefaler alle v\u00e5re kunder \u00e5 f\u00e5 produktene montert av v\u00e5re dyktige mont\u00f8rer. Men det er selvf\u00f8lgelig ogs\u00e5 mulig \u00e5 montere selv. Vi gir deg gjerne r\u00e5d!<\/p><p>Kontakt:\u00a0<strong><a href=\"https:\/\/www.linkedin.com\/in\/rolf-andreas-m%C3%B8rck-50089728\/\" target=\"_blank\" rel=\"noopener\">Rolf A. M\u00f8rck<\/a><\/strong><br \/>Telefon:\u00a0905 40 778\u202c<br \/>E-post: <a href=\"mailto:rolf@consol.no\">rolf@consol.no<\/a><br \/>WEB:\u00a0<a href=\"http:\/\/www.consol.no\/\" target=\"_blank\" rel=\"noopener\">www.consol.no<\/a><\/p><\/div>\t\t\t\t\t\t\t\t<\/div>\n\t\t\t\t<\/div>\n\t\t\t\t\t<\/div>\n\t\t<\/div>\n\t\t\t\t<div class=\"elementor-column elementor-col-50 elementor-inner-column elementor-element elementor-element-152622a\" data-id=\"152622a\" data-element_type=\"column\" data-e-type=\"column\">\n\t\t\t<div class=\"elementor-widget-wrap elementor-element-populated\">\n\t\t\t\t\t\t<div class=\"elementor-element elementor-element-e6119dd elementor-widget elementor-widget-image\" data-id=\"e6119dd\" data-element_type=\"widget\" data-e-type=\"widget\" data-widget_type=\"image.default\">\n\t\t\t\t<div class=\"elementor-widget-container\">\n\t\t\t\t\t\t\t\t\t\t\t\t\t\t\t<img fetchpriority=\"high\" decoding=\"async\" width=\"407\" height=\"406\" src=\"https:\/\/innercircle.no\/wp-content\/uploads\/2022\/10\/Rolf-Morck-bilde.jpeg\" class=\"attachment-large size-large wp-image-225\" alt=\"\" srcset=\"https:\/\/innercircle.no\/wp-content\/uploads\/2022\/10\/Rolf-Morck-bilde.jpeg 407w, https:\/\/innercircle.no\/wp-content\/uploads\/2022\/10\/Rolf-Morck-bilde-300x300.jpeg 300w, https:\/\/innercircle.no\/wp-content\/uploads\/2022\/10\/Rolf-Morck-bilde-150x150.jpeg 150w\" sizes=\"(max-width: 407px) 100vw, 407px\" \/>\t\t\t\t\t\t\t\t\t\t\t\t\t\t\t<\/div>\n\t\t\t\t<\/div>\n\t\t\t\t\t<\/div>\n\t\t<\/div>\n\t\t\t\t\t<\/div>\n\t\t<\/section>\n\t\t\t\t\t<\/div>\n\t\t<\/div>\n\t\t\t\t\t<\/div>\n\t\t<\/section>\n\t\t\t\t<\/div>\n\t\t","protected":false},"excerpt":{"rendered":"<p>Consol AS er en landsdekkende bedrift som er spesialist p\u00e5 solskjerming og filmprodukter for vinduer, glassd\u00f8rer og moderne kontorer. Du finner v\u00e5re forhandlere over hele Norge. Trenger du r\u00e5d og inspirasjon?Vi har mange \u00e5rs erfaring med \u00e5 finne den optimale solskjermingen, innsynshindringen eller sikkerhetsproduktet for nettopp ditt hjem. Solskjerming etter m\u00e5lV\u00e5re produkter blir produsert etter [&hellip;]<\/p>\n","protected":false},"author":1,"featured_media":0,"parent":0,"menu_order":0,"comment_status":"closed","ping_status":"closed","template":"","meta":{"footnotes":""},"class_list":["post-380","page","type-page","status-publish","hentry"],"_links":{"self":[{"href":"https:\/\/innercircle.no\/index.php?rest_route=\/wp\/v2\/pages\/380","targetHints":{"allow":["GET"]}}],"collection":[{"href":"https:\/\/innercircle.no\/index.php?rest_route=\/wp\/v2\/pages"}],"about":[{"href":"https:\/\/innercircle.no\/index.php?rest_route=\/wp\/v2\/types\/page"}],"author":[{"embeddable":true,"href":"https:\/\/innercircle.no\/index.php?rest_route=\/wp\/v2\/users\/1"}],"replies":[{"embeddable":true,"href":"https:\/\/innercircle.no\/index.php?rest_route=%2Fwp%2Fv2%2Fcomments&post=380"}],"version-history":[{"count":7,"href":"https:\/\/innercircle.no\/index.php?rest_route=\/wp\/v2\/pages\/380\/revisions"}],"predecessor-version":[{"id":472,"href":"https:\/\/innercircle.no\/index.php?rest_route=\/wp\/v2\/pages\/380\/revisions\/472"}],"wp:attachment":[{"href":"https:\/\/innercircle.no\/index.php?rest_route=%2Fwp%2Fv2%2Fmedia&parent=380"}],"curies":[{"name":"wp","href":"https:\/\/api.w.org\/{rel}","templated":true}]}}