{"id":357,"date":"2022-10-19T16:34:32","date_gmt":"2022-10-19T16:34:32","guid":{"rendered":"https:\/\/innercircle.no\/?page_id=357"},"modified":"2022-10-19T16:37:31","modified_gmt":"2022-10-19T16:37:31","slug":"john-engseth-nilz-as","status":"publish","type":"page","link":"https:\/\/innercircle.no\/?page_id=357","title":{"rendered":"John Engseth &#8211; Nilz AS"},"content":{"rendered":"\t\t<div data-elementor-type=\"wp-page\" data-elementor-id=\"357\" class=\"elementor elementor-357\">\n\t\t\t\t\t\t<section class=\"elementor-section elementor-top-section elementor-element elementor-element-8865ea6 elementor-section-boxed elementor-section-height-default elementor-section-height-default\" data-id=\"8865ea6\" data-element_type=\"section\" data-e-type=\"section\">\n\t\t\t\t\t\t<div class=\"elementor-container elementor-column-gap-default\">\n\t\t\t\t\t<div class=\"elementor-column elementor-col-100 elementor-top-column elementor-element elementor-element-abcd4cf\" data-id=\"abcd4cf\" data-element_type=\"column\" data-e-type=\"column\">\n\t\t\t<div class=\"elementor-widget-wrap elementor-element-populated\">\n\t\t\t\t\t\t<section class=\"elementor-section elementor-inner-section elementor-element elementor-element-ea08eda elementor-section-boxed elementor-section-height-default elementor-section-height-default\" data-id=\"ea08eda\" data-element_type=\"section\" data-e-type=\"section\">\n\t\t\t\t\t\t<div class=\"elementor-container elementor-column-gap-default\">\n\t\t\t\t\t<div class=\"elementor-column elementor-col-50 elementor-inner-column elementor-element elementor-element-36fb0a9\" data-id=\"36fb0a9\" data-element_type=\"column\" data-e-type=\"column\">\n\t\t\t<div class=\"elementor-widget-wrap elementor-element-populated\">\n\t\t\t\t\t\t<div class=\"elementor-element elementor-element-826aeae elementor-widget elementor-widget-text-editor\" data-id=\"826aeae\" data-element_type=\"widget\" data-e-type=\"widget\" data-widget_type=\"text-editor.default\">\n\t\t\t\t<div class=\"elementor-widget-container\">\n\t\t\t\t\t\t\t\t\t<div data-id=\"9e30403\" data-element_type=\"widget\" data-widget_type=\"theme-post-content.default\"><p><img decoding=\"async\" class=\"alignnone size-medium wp-image-362\" src=\"http:\/\/innercircle.no\/wp-content\/uploads\/2022\/10\/Skjermbilde-2022-10-19-kl.-18.37.01-300x131.png\" alt=\"\" width=\"300\" height=\"131\" srcset=\"https:\/\/innercircle.no\/wp-content\/uploads\/2022\/10\/Skjermbilde-2022-10-19-kl.-18.37.01-300x131.png 300w, https:\/\/innercircle.no\/wp-content\/uploads\/2022\/10\/Skjermbilde-2022-10-19-kl.-18.37.01.png 331w\" sizes=\"(max-width: 300px) 100vw, 300px\" \/><\/p><p>Med 30 \u00e5rs fartstid i bransjen har vi opparbeidet oss betydelig kunnskap, erfaring og markedsposisjon innen tekstiltrykk og profilering. I samarbeid med de ledende leverand\u00f8rene p\u00e5 markedet jobber vi hver dag for \u00e5 utvikle oss videre.<\/p><p>Vi leverer til bedrifter i alle st\u00f8rrelser, offentlige virksomheter, organisasjoner, foreninger, idrettslag, kampanjer, eventer og arrangementer. For oss er ingen kunde eller prosjekt verken for lite eller for stort.<\/p><p>Vi er 10 engasjerte ansatte som jobber for god kvalitet, raske leveringer, personlig service og tilgjengelighet. Det skal v\u00e6re enkelt \u00e5 handle hos oss &#8211; og Nilz AS skal alltid oppleves som en hyggelig og seri\u00f8s samarbeidspartner.<\/p><p>Med over 15.000 produkter i portef\u00f8ljen har vi et av markedets st\u00f8rste sortiment av produkter du kan sette din logo, profil og budskap p\u00e5!<\/p><p>Du kan trygt velge Nilz AS som din foretrukne leverand\u00f8r av tekstiltrykk, profileringsprodukter, firmagaver og giveaways.<\/p><p>Kontakt:\u00a0<strong><a href=\"https:\/\/www.linkedin.com\/in\/johnengseth\/\" target=\"_blank\" rel=\"noopener\">John Engseth<\/a><\/strong><br \/>Telefon: 450 00 044<br \/>E-post: <a href=\"mailto:John.Engseth@nilz.no\">John.Engseth@nilz.no<\/a><br \/>WEB:\u00a0<a href=\"http:\/\/www.nilz.no\" target=\"_blank\" rel=\"noopener\">www.nilz.no<\/a><\/p><\/div>\t\t\t\t\t\t\t\t<\/div>\n\t\t\t\t<\/div>\n\t\t\t\t\t<\/div>\n\t\t<\/div>\n\t\t\t\t<div class=\"elementor-column elementor-col-50 elementor-inner-column elementor-element elementor-element-168776f\" data-id=\"168776f\" data-element_type=\"column\" data-e-type=\"column\">\n\t\t\t<div class=\"elementor-widget-wrap elementor-element-populated\">\n\t\t\t\t\t\t<div class=\"elementor-element elementor-element-56d5522 elementor-widget elementor-widget-image\" data-id=\"56d5522\" data-element_type=\"widget\" data-e-type=\"widget\" data-widget_type=\"image.default\">\n\t\t\t\t<div class=\"elementor-widget-container\">\n\t\t\t\t\t\t\t\t\t\t\t\t\t\t\t<img fetchpriority=\"high\" decoding=\"async\" width=\"240\" height=\"240\" src=\"https:\/\/innercircle.no\/wp-content\/uploads\/2022\/10\/John-Bilde.jpeg\" class=\"attachment-large size-large wp-image-207\" alt=\"\" srcset=\"https:\/\/innercircle.no\/wp-content\/uploads\/2022\/10\/John-Bilde.jpeg 240w, https:\/\/innercircle.no\/wp-content\/uploads\/2022\/10\/John-Bilde-150x150.jpeg 150w\" sizes=\"(max-width: 240px) 100vw, 240px\" \/>\t\t\t\t\t\t\t\t\t\t\t\t\t\t\t<\/div>\n\t\t\t\t<\/div>\n\t\t\t\t\t<\/div>\n\t\t<\/div>\n\t\t\t\t\t<\/div>\n\t\t<\/section>\n\t\t\t\t\t<\/div>\n\t\t<\/div>\n\t\t\t\t\t<\/div>\n\t\t<\/section>\n\t\t\t\t<\/div>\n\t\t","protected":false},"excerpt":{"rendered":"<p>Med 30 \u00e5rs fartstid i bransjen har vi opparbeidet oss betydelig kunnskap, erfaring og markedsposisjon innen tekstiltrykk og profilering. I samarbeid med de ledende leverand\u00f8rene p\u00e5 markedet jobber vi hver dag for \u00e5 utvikle oss videre. Vi leverer til bedrifter i alle st\u00f8rrelser, offentlige virksomheter, organisasjoner, foreninger, idrettslag, kampanjer, eventer og arrangementer. For oss er [&hellip;]<\/p>\n","protected":false},"author":1,"featured_media":0,"parent":0,"menu_order":0,"comment_status":"closed","ping_status":"closed","template":"","meta":{"footnotes":""},"class_list":["post-357","page","type-page","status-publish","hentry"],"_links":{"self":[{"href":"https:\/\/innercircle.no\/index.php?rest_route=\/wp\/v2\/pages\/357","targetHints":{"allow":["GET"]}}],"collection":[{"href":"https:\/\/innercircle.no\/index.php?rest_route=\/wp\/v2\/pages"}],"about":[{"href":"https:\/\/innercircle.no\/index.php?rest_route=\/wp\/v2\/types\/page"}],"author":[{"embeddable":true,"href":"https:\/\/innercircle.no\/index.php?rest_route=\/wp\/v2\/users\/1"}],"replies":[{"embeddable":true,"href":"https:\/\/innercircle.no\/index.php?rest_route=%2Fwp%2Fv2%2Fcomments&post=357"}],"version-history":[{"count":7,"href":"https:\/\/innercircle.no\/index.php?rest_route=\/wp\/v2\/pages\/357\/revisions"}],"predecessor-version":[{"id":365,"href":"https:\/\/innercircle.no\/index.php?rest_route=\/wp\/v2\/pages\/357\/revisions\/365"}],"wp:attachment":[{"href":"https:\/\/innercircle.no\/index.php?rest_route=%2Fwp%2Fv2%2Fmedia&parent=357"}],"curies":[{"name":"wp","href":"https:\/\/api.w.org\/{rel}","templated":true}]}}