{"id":335,"date":"2022-10-19T16:22:45","date_gmt":"2022-10-19T16:22:45","guid":{"rendered":"https:\/\/innercircle.no\/?page_id=335"},"modified":"2022-10-19T16:29:51","modified_gmt":"2022-10-19T16:29:51","slug":"ivar-gaute-strom-econtrol-as","status":"publish","type":"page","link":"https:\/\/innercircle.no\/?page_id=335","title":{"rendered":"Ivar Gaute Str\u00f8m &#8211; eControl AS"},"content":{"rendered":"\t\t<div data-elementor-type=\"wp-page\" data-elementor-id=\"335\" class=\"elementor elementor-335\">\n\t\t\t\t\t\t<section class=\"elementor-section elementor-top-section elementor-element elementor-element-5fc8a1c elementor-section-boxed elementor-section-height-default elementor-section-height-default\" data-id=\"5fc8a1c\" data-element_type=\"section\" data-e-type=\"section\">\n\t\t\t\t\t\t<div class=\"elementor-container elementor-column-gap-default\">\n\t\t\t\t\t<div class=\"elementor-column elementor-col-100 elementor-top-column elementor-element elementor-element-6c994e8\" data-id=\"6c994e8\" data-element_type=\"column\" data-e-type=\"column\">\n\t\t\t<div class=\"elementor-widget-wrap elementor-element-populated\">\n\t\t\t\t\t\t<section class=\"elementor-section elementor-inner-section elementor-element elementor-element-d118304 elementor-section-boxed elementor-section-height-default elementor-section-height-default\" data-id=\"d118304\" data-element_type=\"section\" data-e-type=\"section\">\n\t\t\t\t\t\t<div class=\"elementor-container elementor-column-gap-default\">\n\t\t\t\t\t<div class=\"elementor-column elementor-col-50 elementor-inner-column elementor-element elementor-element-b2259df\" data-id=\"b2259df\" data-element_type=\"column\" data-e-type=\"column\">\n\t\t\t<div class=\"elementor-widget-wrap elementor-element-populated\">\n\t\t\t\t\t\t<div class=\"elementor-element elementor-element-67088ba elementor-widget elementor-widget-text-editor\" data-id=\"67088ba\" data-element_type=\"widget\" data-e-type=\"widget\" data-widget_type=\"text-editor.default\">\n\t\t\t\t<div class=\"elementor-widget-container\">\n\t\t\t\t\t\t\t\t\t<div data-id=\"9e30403\" data-element_type=\"widget\" data-widget_type=\"theme-post-content.default\"><h2><img decoding=\"async\" class=\"alignnone size-full wp-image-339\" src=\"http:\/\/innercircle.no\/wp-content\/uploads\/2022\/10\/Skjermbilde-2022-10-19-kl.-18.24.59.png\" alt=\"\" width=\"219\" height=\"89\" \/><br \/>Kontroll p\u00e5 avtaler, gjort enkelt<\/h2><p>Kutt kostnader ved \u00e5 f\u00e5 kontroll p\u00e5 leverand\u00f8ravtaler. Spar tid p\u00e5 \u00e5 forenkle styreprosesser og styrke kontroll p\u00e5 personvernrutiner. Med \u00e9n enkel skytjeneste.<\/p><p>Med en nettbasert avtale- og kontraktsoversikt, f\u00e5r du bedre struktur og kontroll p\u00e5 alle forpliktelser ditt selskap har.<br \/>eControl gir deg en enkel oversikt over alle kontrakter\/avtaler virksomheten b\u00f8r ha kontroll p\u00e5, p\u00e5 en enkelt m\u00e5te.<\/p><p>Kontakt:\u00a0<strong><a href=\"https:\/\/www.linkedin.com\/in\/ivargs\/\" target=\"_blank\" rel=\"noopener\">Ivar Gaute Str\u00f8m<\/a><\/strong><br \/>Telefon: 9004 6223<br \/>E-post: <a href=\"mailto:ivar@econtrol.no\">ivar@econtrol.no<\/a><br \/>WEB:\u00a0<a href=\"http:\/\/www.econtrol.no\" target=\"_blank\" rel=\"noopener\">www.econtrol.no<\/a><\/p><\/div>\t\t\t\t\t\t\t\t<\/div>\n\t\t\t\t<\/div>\n\t\t\t\t\t<\/div>\n\t\t<\/div>\n\t\t\t\t<div class=\"elementor-column elementor-col-50 elementor-inner-column elementor-element elementor-element-a254673\" data-id=\"a254673\" data-element_type=\"column\" data-e-type=\"column\">\n\t\t\t<div class=\"elementor-widget-wrap elementor-element-populated\">\n\t\t\t\t\t\t<div class=\"elementor-element elementor-element-6e6798b elementor-widget elementor-widget-image\" data-id=\"6e6798b\" data-element_type=\"widget\" data-e-type=\"widget\" data-widget_type=\"image.default\">\n\t\t\t\t<div class=\"elementor-widget-container\">\n\t\t\t\t\t\t\t\t\t\t\t\t\t\t\t<img fetchpriority=\"high\" decoding=\"async\" width=\"800\" height=\"600\" src=\"https:\/\/innercircle.no\/wp-content\/uploads\/2022\/10\/IMG_0174-1024x768.jpg\" class=\"attachment-large size-large wp-image-197\" alt=\"\" srcset=\"https:\/\/innercircle.no\/wp-content\/uploads\/2022\/10\/IMG_0174-1024x768.jpg 1024w, https:\/\/innercircle.no\/wp-content\/uploads\/2022\/10\/IMG_0174-300x225.jpg 300w, https:\/\/innercircle.no\/wp-content\/uploads\/2022\/10\/IMG_0174-768x576.jpg 768w, https:\/\/innercircle.no\/wp-content\/uploads\/2022\/10\/IMG_0174-1536x1152.jpg 1536w, https:\/\/innercircle.no\/wp-content\/uploads\/2022\/10\/IMG_0174-2048x1536.jpg 2048w\" sizes=\"(max-width: 800px) 100vw, 800px\" \/>\t\t\t\t\t\t\t\t\t\t\t\t\t\t\t<\/div>\n\t\t\t\t<\/div>\n\t\t\t\t\t<\/div>\n\t\t<\/div>\n\t\t\t\t\t<\/div>\n\t\t<\/section>\n\t\t\t\t\t<\/div>\n\t\t<\/div>\n\t\t\t\t\t<\/div>\n\t\t<\/section>\n\t\t\t\t<section class=\"elementor-section elementor-top-section elementor-element elementor-element-29f0c4d elementor-section-boxed elementor-section-height-default elementor-section-height-default\" data-id=\"29f0c4d\" data-element_type=\"section\" data-e-type=\"section\">\n\t\t\t\t\t\t<div class=\"elementor-container elementor-column-gap-default\">\n\t\t\t\t\t<div class=\"elementor-column elementor-col-100 elementor-top-column elementor-element elementor-element-32020b2\" data-id=\"32020b2\" data-element_type=\"column\" data-e-type=\"column\">\n\t\t\t<div class=\"elementor-widget-wrap elementor-element-populated\">\n\t\t\t\t\t\t<section class=\"elementor-section elementor-inner-section elementor-element elementor-element-ad799d1 elementor-section-boxed elementor-section-height-default elementor-section-height-default\" data-id=\"ad799d1\" data-element_type=\"section\" data-e-type=\"section\">\n\t\t\t\t\t\t<div class=\"elementor-container elementor-column-gap-default\">\n\t\t\t\t\t<div class=\"elementor-column elementor-col-50 elementor-inner-column elementor-element elementor-element-6a435da\" data-id=\"6a435da\" data-element_type=\"column\" data-e-type=\"column\">\n\t\t\t<div class=\"elementor-widget-wrap elementor-element-populated\">\n\t\t\t\t\t\t<div class=\"elementor-element elementor-element-0969e8d elementor-widget elementor-widget-image\" data-id=\"0969e8d\" data-element_type=\"widget\" data-e-type=\"widget\" data-widget_type=\"image.default\">\n\t\t\t\t<div class=\"elementor-widget-container\">\n\t\t\t\t\t\t\t\t\t\t\t\t\t\t\t\t<a href=\"https:\/\/econtrol.no\/\" target=\"_blank\">\n\t\t\t\t\t\t\t<img decoding=\"async\" width=\"800\" height=\"452\" src=\"https:\/\/innercircle.no\/wp-content\/uploads\/2022\/10\/Skjermbilde-2022-10-19-kl.-18.28.15-1024x579.png\" class=\"attachment-large size-large wp-image-343\" alt=\"\" srcset=\"https:\/\/innercircle.no\/wp-content\/uploads\/2022\/10\/Skjermbilde-2022-10-19-kl.-18.28.15-1024x579.png 1024w, https:\/\/innercircle.no\/wp-content\/uploads\/2022\/10\/Skjermbilde-2022-10-19-kl.-18.28.15-300x170.png 300w, https:\/\/innercircle.no\/wp-content\/uploads\/2022\/10\/Skjermbilde-2022-10-19-kl.-18.28.15-768x435.png 768w, https:\/\/innercircle.no\/wp-content\/uploads\/2022\/10\/Skjermbilde-2022-10-19-kl.-18.28.15.png 1216w\" sizes=\"(max-width: 800px) 100vw, 800px\" \/>\t\t\t\t\t\t\t\t<\/a>\n\t\t\t\t\t\t\t\t\t\t\t\t\t\t\t<\/div>\n\t\t\t\t<\/div>\n\t\t\t\t\t<\/div>\n\t\t<\/div>\n\t\t\t\t<div class=\"elementor-column elementor-col-50 elementor-inner-column elementor-element elementor-element-6fe1d3c\" data-id=\"6fe1d3c\" data-element_type=\"column\" data-e-type=\"column\">\n\t\t\t<div class=\"elementor-widget-wrap elementor-element-populated\">\n\t\t\t\t\t\t<div class=\"elementor-element elementor-element-01596d5 elementor-widget elementor-widget-image\" data-id=\"01596d5\" data-element_type=\"widget\" data-e-type=\"widget\" data-widget_type=\"image.default\">\n\t\t\t\t<div class=\"elementor-widget-container\">\n\t\t\t\t\t\t\t\t\t\t\t\t\t\t\t\t<a href=\"https:\/\/econtrol.no\/#referanser\" target=\"_blank\">\n\t\t\t\t\t\t\t<img loading=\"lazy\" decoding=\"async\" width=\"800\" height=\"491\" src=\"https:\/\/innercircle.no\/wp-content\/uploads\/2022\/10\/Skjermbilde-2022-10-19-kl.-18.28.47-1024x629.png\" class=\"attachment-large size-large wp-image-344\" alt=\"\" srcset=\"https:\/\/innercircle.no\/wp-content\/uploads\/2022\/10\/Skjermbilde-2022-10-19-kl.-18.28.47-1024x629.png 1024w, https:\/\/innercircle.no\/wp-content\/uploads\/2022\/10\/Skjermbilde-2022-10-19-kl.-18.28.47-300x184.png 300w, https:\/\/innercircle.no\/wp-content\/uploads\/2022\/10\/Skjermbilde-2022-10-19-kl.-18.28.47-768x471.png 768w, https:\/\/innercircle.no\/wp-content\/uploads\/2022\/10\/Skjermbilde-2022-10-19-kl.-18.28.47.png 1147w\" sizes=\"(max-width: 800px) 100vw, 800px\" \/>\t\t\t\t\t\t\t\t<\/a>\n\t\t\t\t\t\t\t\t\t\t\t\t\t\t\t<\/div>\n\t\t\t\t<\/div>\n\t\t\t\t\t<\/div>\n\t\t<\/div>\n\t\t\t\t\t<\/div>\n\t\t<\/section>\n\t\t\t\t\t<\/div>\n\t\t<\/div>\n\t\t\t\t\t<\/div>\n\t\t<\/section>\n\t\t\t\t<\/div>\n\t\t","protected":false},"excerpt":{"rendered":"<p>Kontroll p\u00e5 avtaler, gjort enkelt Kutt kostnader ved \u00e5 f\u00e5 kontroll p\u00e5 leverand\u00f8ravtaler. Spar tid p\u00e5 \u00e5 forenkle styreprosesser og styrke kontroll p\u00e5 personvernrutiner. Med \u00e9n enkel skytjeneste. Med en nettbasert avtale- og kontraktsoversikt, f\u00e5r du bedre struktur og kontroll p\u00e5 alle forpliktelser ditt selskap har.eControl gir deg en enkel oversikt over alle kontrakter\/avtaler virksomheten [&hellip;]<\/p>\n","protected":false},"author":1,"featured_media":0,"parent":0,"menu_order":0,"comment_status":"closed","ping_status":"closed","template":"","meta":{"footnotes":""},"class_list":["post-335","page","type-page","status-publish","hentry"],"_links":{"self":[{"href":"https:\/\/innercircle.no\/index.php?rest_route=\/wp\/v2\/pages\/335","targetHints":{"allow":["GET"]}}],"collection":[{"href":"https:\/\/innercircle.no\/index.php?rest_route=\/wp\/v2\/pages"}],"about":[{"href":"https:\/\/innercircle.no\/index.php?rest_route=\/wp\/v2\/types\/page"}],"author":[{"embeddable":true,"href":"https:\/\/innercircle.no\/index.php?rest_route=\/wp\/v2\/users\/1"}],"replies":[{"embeddable":true,"href":"https:\/\/innercircle.no\/index.php?rest_route=%2Fwp%2Fv2%2Fcomments&post=335"}],"version-history":[{"count":10,"href":"https:\/\/innercircle.no\/index.php?rest_route=\/wp\/v2\/pages\/335\/revisions"}],"predecessor-version":[{"id":350,"href":"https:\/\/innercircle.no\/index.php?rest_route=\/wp\/v2\/pages\/335\/revisions\/350"}],"wp:attachment":[{"href":"https:\/\/innercircle.no\/index.php?rest_route=%2Fwp%2Fv2%2Fmedia&parent=335"}],"curies":[{"name":"wp","href":"https:\/\/api.w.org\/{rel}","templated":true}]}}