{"id":317,"date":"2022-10-19T16:12:59","date_gmt":"2022-10-19T16:12:59","guid":{"rendered":"https:\/\/innercircle.no\/?page_id=317"},"modified":"2022-10-19T16:18:00","modified_gmt":"2022-10-19T16:18:00","slug":"hans-kruger-light-house","status":"publish","type":"page","link":"https:\/\/innercircle.no\/?page_id=317","title":{"rendered":"Hans Kr\u00fcger &#8211; Light House"},"content":{"rendered":"\t\t<div data-elementor-type=\"wp-page\" data-elementor-id=\"317\" class=\"elementor elementor-317\">\n\t\t\t\t\t\t<section class=\"elementor-section elementor-top-section elementor-element elementor-element-b63c624 elementor-section-boxed elementor-section-height-default elementor-section-height-default\" data-id=\"b63c624\" data-element_type=\"section\" data-e-type=\"section\">\n\t\t\t\t\t\t<div class=\"elementor-container elementor-column-gap-default\">\n\t\t\t\t\t<div class=\"elementor-column elementor-col-100 elementor-top-column elementor-element elementor-element-9677495\" data-id=\"9677495\" data-element_type=\"column\" data-e-type=\"column\">\n\t\t\t<div class=\"elementor-widget-wrap elementor-element-populated\">\n\t\t\t\t\t\t<section class=\"elementor-section elementor-inner-section elementor-element elementor-element-8671a75 elementor-section-boxed elementor-section-height-default elementor-section-height-default\" data-id=\"8671a75\" data-element_type=\"section\" data-e-type=\"section\">\n\t\t\t\t\t\t<div class=\"elementor-container elementor-column-gap-default\">\n\t\t\t\t\t<div class=\"elementor-column elementor-col-50 elementor-inner-column elementor-element elementor-element-aa3cc92\" data-id=\"aa3cc92\" data-element_type=\"column\" data-e-type=\"column\">\n\t\t\t<div class=\"elementor-widget-wrap elementor-element-populated\">\n\t\t\t\t\t\t<div class=\"elementor-element elementor-element-cb08bbd elementor-widget elementor-widget-text-editor\" data-id=\"cb08bbd\" data-element_type=\"widget\" data-e-type=\"widget\" data-widget_type=\"text-editor.default\">\n\t\t\t\t<div class=\"elementor-widget-container\">\n\t\t\t\t\t\t\t\t\t<div data-id=\"d7f24ba\" data-element_type=\"widget\" data-widget_type=\"image.default\"><img decoding=\"async\" class=\"alignnone size-full wp-image-319\" src=\"http:\/\/innercircle.no\/wp-content\/uploads\/2022\/10\/Skjermbilde-2022-10-19-kl.-18.15.25.png\" alt=\"\" width=\"253\" height=\"126\" \/><\/div><div data-id=\"9e30403\" data-element_type=\"widget\" data-widget_type=\"theme-post-content.default\"><p class=\"lead\"><strong>Light House er et fyrt\u00e5rn i Norden innen butikk- og prosjektbelysning.<\/strong><\/p><p>Siden starten har bedriften vokst jevnt. Forretningsideen var \u00e5 selge lysutstyr til installat\u00f8rer men i 2005 ble det laget en ny strategi og vi startet med konseptutvikling og levering av lys til butikkjeder, samt en mer m\u00e5lrettet satsing mot interi\u00f8rarkitekter som jobbet med boliger og kontorer.<\/p><p>I 2009 startet vi v\u00e5r egen produksjon av skinnespotter til butikker, en satsing som var meget vellykket. Etter som produksjonen vokste og krevde ytterligere investeringer m\u00e5tte vi ta et valg.<br \/><br \/>Light House er en bedrift som driver med salg og lysdesign, og produksjon i stor skala passet ikke inn i v\u00e5r strategi. Derfor ble det besluttet at vi i 2014 skulle avvikle produksjon i Norge. I dag jobber vi hovedsakelig med produktdesign og utvikling av egne produkter og selve produksjonen gj\u00f8r vi gjennom v\u00e5re partnere i \u00d8sten. Vi har fortsatt en liten produksjon i Norge hvor vi p\u00e5 oppdrag fra v\u00e5re kunder kan produsere unike produkter i liten skala. I 2014 startet vi v\u00e5rt datterselskap i Sverige, LHC Sweden AB. \u00c5ret etter \u00e5pnet vi v\u00e5rt avdelingskontor i T\u00f8nsberg. I 2017 flyttet vi hovedkontor og lager til Kolbotn sentralt beliggende utenfor Oslo.<\/p><p>Siden starten har vi levert mange banebrytende, kostnadseffektive og milj\u00f8vennlige prosjekter b\u00e5de i Norge og Sverige. I Light House Family er vi dedikerte fagpersoner med et enormt engasjement og brennende tro p\u00e5 hva lys kan utrette. Vi jobber i team og leter alltid etter den optimale og unike l\u00f8sningen for hvert prosjekt.<\/p><p>Kontakt:\u00a0<strong><a href=\"https:\/\/www.linkedin.com\/in\/hans-kr%C3%BCger-241b937\/\" target=\"_blank\" rel=\"noopener\">Hans Kr\u00fcger<\/a><\/strong><br \/>Telefon: 478 93 225<br \/>E-post: <a href=\"mailto:hans@lhc.no\">hans@lhc.no<\/a><br \/>WEB:\u00a0<a href=\"http:\/\/www.lhc.no\/\" target=\"_blank\" rel=\"noopener\">www.lhc.no<\/a><\/p><\/div>\t\t\t\t\t\t\t\t<\/div>\n\t\t\t\t<\/div>\n\t\t\t\t\t<\/div>\n\t\t<\/div>\n\t\t\t\t<div class=\"elementor-column elementor-col-50 elementor-inner-column elementor-element elementor-element-22efed4\" data-id=\"22efed4\" data-element_type=\"column\" data-e-type=\"column\">\n\t\t\t<div class=\"elementor-widget-wrap elementor-element-populated\">\n\t\t\t\t\t\t<div class=\"elementor-element elementor-element-950ca86 elementor-widget elementor-widget-image\" data-id=\"950ca86\" data-element_type=\"widget\" data-e-type=\"widget\" data-widget_type=\"image.default\">\n\t\t\t\t<div class=\"elementor-widget-container\">\n\t\t\t\t\t\t\t\t\t\t\t\t\t\t\t<img fetchpriority=\"high\" decoding=\"async\" width=\"432\" height=\"626\" src=\"https:\/\/innercircle.no\/wp-content\/uploads\/2022\/10\/Hans-Kruger-bilde.jpeg\" class=\"attachment-large size-large wp-image-188\" alt=\"\" srcset=\"https:\/\/innercircle.no\/wp-content\/uploads\/2022\/10\/Hans-Kruger-bilde.jpeg 432w, https:\/\/innercircle.no\/wp-content\/uploads\/2022\/10\/Hans-Kruger-bilde-207x300.jpeg 207w\" sizes=\"(max-width: 432px) 100vw, 432px\" \/>\t\t\t\t\t\t\t\t\t\t\t\t\t\t\t<\/div>\n\t\t\t\t<\/div>\n\t\t\t\t\t<\/div>\n\t\t<\/div>\n\t\t\t\t\t<\/div>\n\t\t<\/section>\n\t\t\t\t\t<\/div>\n\t\t<\/div>\n\t\t\t\t\t<\/div>\n\t\t<\/section>\n\t\t\t\t<\/div>\n\t\t","protected":false},"excerpt":{"rendered":"<p>Light House er et fyrt\u00e5rn i Norden innen butikk- og prosjektbelysning. Siden starten har bedriften vokst jevnt. Forretningsideen var \u00e5 selge lysutstyr til installat\u00f8rer men i 2005 ble det laget en ny strategi og vi startet med konseptutvikling og levering av lys til butikkjeder, samt en mer m\u00e5lrettet satsing mot interi\u00f8rarkitekter som jobbet med boliger [&hellip;]<\/p>\n","protected":false},"author":1,"featured_media":0,"parent":0,"menu_order":0,"comment_status":"closed","ping_status":"closed","template":"","meta":{"footnotes":""},"class_list":["post-317","page","type-page","status-publish","hentry"],"_links":{"self":[{"href":"https:\/\/innercircle.no\/index.php?rest_route=\/wp\/v2\/pages\/317","targetHints":{"allow":["GET"]}}],"collection":[{"href":"https:\/\/innercircle.no\/index.php?rest_route=\/wp\/v2\/pages"}],"about":[{"href":"https:\/\/innercircle.no\/index.php?rest_route=\/wp\/v2\/types\/page"}],"author":[{"embeddable":true,"href":"https:\/\/innercircle.no\/index.php?rest_route=\/wp\/v2\/users\/1"}],"replies":[{"embeddable":true,"href":"https:\/\/innercircle.no\/index.php?rest_route=%2Fwp%2Fv2%2Fcomments&post=317"}],"version-history":[{"count":10,"href":"https:\/\/innercircle.no\/index.php?rest_route=\/wp\/v2\/pages\/317\/revisions"}],"predecessor-version":[{"id":328,"href":"https:\/\/innercircle.no\/index.php?rest_route=\/wp\/v2\/pages\/317\/revisions\/328"}],"wp:attachment":[{"href":"https:\/\/innercircle.no\/index.php?rest_route=%2Fwp%2Fv2%2Fmedia&parent=317"}],"curies":[{"name":"wp","href":"https:\/\/api.w.org\/{rel}","templated":true}]}}