{"id":285,"date":"2022-10-19T15:54:38","date_gmt":"2022-10-19T15:54:38","guid":{"rendered":"https:\/\/innercircle.no\/?page_id=285"},"modified":"2022-10-19T15:58:49","modified_gmt":"2022-10-19T15:58:49","slug":"erik-stromberg-auto-ost-as","status":"publish","type":"page","link":"https:\/\/innercircle.no\/?page_id=285","title":{"rendered":"Erik Str\u00f8mberg &#8211; Auto \u00d8st AS"},"content":{"rendered":"\t\t<div data-elementor-type=\"wp-page\" data-elementor-id=\"285\" class=\"elementor elementor-285\">\n\t\t\t\t\t\t<section class=\"elementor-section elementor-top-section elementor-element elementor-element-1294ad5 elementor-section-boxed elementor-section-height-default elementor-section-height-default\" data-id=\"1294ad5\" data-element_type=\"section\" data-e-type=\"section\">\n\t\t\t\t\t\t<div class=\"elementor-container elementor-column-gap-default\">\n\t\t\t\t\t<div class=\"elementor-column elementor-col-100 elementor-top-column elementor-element elementor-element-8b248fb\" data-id=\"8b248fb\" data-element_type=\"column\" data-e-type=\"column\">\n\t\t\t<div class=\"elementor-widget-wrap elementor-element-populated\">\n\t\t\t\t\t\t<section class=\"elementor-section elementor-inner-section elementor-element elementor-element-c83d258 elementor-section-boxed elementor-section-height-default elementor-section-height-default\" data-id=\"c83d258\" data-element_type=\"section\" data-e-type=\"section\">\n\t\t\t\t\t\t<div class=\"elementor-container elementor-column-gap-default\">\n\t\t\t\t\t<div class=\"elementor-column elementor-col-50 elementor-inner-column elementor-element elementor-element-5401563\" data-id=\"5401563\" data-element_type=\"column\" data-e-type=\"column\">\n\t\t\t<div class=\"elementor-widget-wrap elementor-element-populated\">\n\t\t\t\t\t\t<div class=\"elementor-element elementor-element-be7ecda elementor-widget elementor-widget-text-editor\" data-id=\"be7ecda\" data-element_type=\"widget\" data-e-type=\"widget\" data-widget_type=\"text-editor.default\">\n\t\t\t\t<div class=\"elementor-widget-container\">\n\t\t\t\t\t\t\t\t\t<div data-id=\"d7f24ba\" data-element_type=\"widget\" data-widget_type=\"image.default\"><img decoding=\"async\" class=\"alignnone size-medium wp-image-287\" src=\"http:\/\/innercircle.no\/wp-content\/uploads\/2022\/10\/Auto-ost-logo-300x107.png\" alt=\"\" width=\"300\" height=\"107\" srcset=\"https:\/\/innercircle.no\/wp-content\/uploads\/2022\/10\/Auto-ost-logo-300x107.png 300w, https:\/\/innercircle.no\/wp-content\/uploads\/2022\/10\/Auto-ost-logo.png 360w\" sizes=\"(max-width: 300px) 100vw, 300px\" \/><\/div><div data-id=\"9e30403\" data-element_type=\"widget\" data-widget_type=\"theme-post-content.default\"><h2><span style=\"font-size: 17px; font-weight: 400;\">Bilskade og Biloppretting<\/span><\/h2><p>Auto \u00d8st ble etablert i 1964 og har over 50 \u00e5rs erfaring med biloppretting. Ta kontakt med en av v\u00e5re medarbeidere s\u00e5 fikser vi alt etter at uhellet har v\u00e6rt ute.<\/p><p>Kontakt:\u00a0<strong><a href=\"https:\/\/www.linkedin.com\/in\/erik-str%C3%B8mberg-b7ba3967\/\">Erik Str\u00f8mberg<\/a><\/strong><br \/>Telefon:\u00a0905 40 778\u202c<br \/>E-post: <a href=\"mailto:erik@autoost.no\">erik@autoost.no<\/a><br \/>WEB:\u00a0<a href=\"http:\/\/www.autoost.no\/\" target=\"_blank\" rel=\"noopener\">www.autoost.no<\/a><\/p><\/div>\t\t\t\t\t\t\t\t<\/div>\n\t\t\t\t<\/div>\n\t\t\t\t\t<\/div>\n\t\t<\/div>\n\t\t\t\t<div class=\"elementor-column elementor-col-50 elementor-inner-column elementor-element elementor-element-feeace5\" data-id=\"feeace5\" data-element_type=\"column\" data-e-type=\"column\">\n\t\t\t<div class=\"elementor-widget-wrap elementor-element-populated\">\n\t\t\t\t\t\t<div class=\"elementor-element elementor-element-f2ca234 elementor-widget elementor-widget-image\" data-id=\"f2ca234\" data-element_type=\"widget\" data-e-type=\"widget\" data-widget_type=\"image.default\">\n\t\t\t\t<div class=\"elementor-widget-container\">\n\t\t\t\t\t\t\t\t\t\t\t\t\t\t\t<img fetchpriority=\"high\" decoding=\"async\" width=\"450\" height=\"450\" src=\"https:\/\/innercircle.no\/wp-content\/uploads\/2022\/10\/Stromberg-bilde.jpeg\" class=\"attachment-large size-large wp-image-171\" alt=\"\" srcset=\"https:\/\/innercircle.no\/wp-content\/uploads\/2022\/10\/Stromberg-bilde.jpeg 450w, https:\/\/innercircle.no\/wp-content\/uploads\/2022\/10\/Stromberg-bilde-300x300.jpeg 300w, https:\/\/innercircle.no\/wp-content\/uploads\/2022\/10\/Stromberg-bilde-150x150.jpeg 150w\" sizes=\"(max-width: 450px) 100vw, 450px\" \/>\t\t\t\t\t\t\t\t\t\t\t\t\t\t\t<\/div>\n\t\t\t\t<\/div>\n\t\t\t\t\t<\/div>\n\t\t<\/div>\n\t\t\t\t\t<\/div>\n\t\t<\/section>\n\t\t\t\t\t<\/div>\n\t\t<\/div>\n\t\t\t\t\t<\/div>\n\t\t<\/section>\n\t\t\t\t<\/div>\n\t\t","protected":false},"excerpt":{"rendered":"<p>Bilskade og Biloppretting Auto \u00d8st ble etablert i 1964 og har over 50 \u00e5rs erfaring med biloppretting. Ta kontakt med en av v\u00e5re medarbeidere s\u00e5 fikser vi alt etter at uhellet har v\u00e6rt ute. Kontakt:\u00a0Erik Str\u00f8mbergTelefon:\u00a0905 40 778\u202cE-post: erik@autoost.noWEB:\u00a0www.autoost.no<\/p>\n","protected":false},"author":1,"featured_media":0,"parent":0,"menu_order":0,"comment_status":"closed","ping_status":"closed","template":"","meta":{"footnotes":""},"class_list":["post-285","page","type-page","status-publish","hentry"],"_links":{"self":[{"href":"https:\/\/innercircle.no\/index.php?rest_route=\/wp\/v2\/pages\/285","targetHints":{"allow":["GET"]}}],"collection":[{"href":"https:\/\/innercircle.no\/index.php?rest_route=\/wp\/v2\/pages"}],"about":[{"href":"https:\/\/innercircle.no\/index.php?rest_route=\/wp\/v2\/types\/page"}],"author":[{"embeddable":true,"href":"https:\/\/innercircle.no\/index.php?rest_route=\/wp\/v2\/users\/1"}],"replies":[{"embeddable":true,"href":"https:\/\/innercircle.no\/index.php?rest_route=%2Fwp%2Fv2%2Fcomments&post=285"}],"version-history":[{"count":7,"href":"https:\/\/innercircle.no\/index.php?rest_route=\/wp\/v2\/pages\/285\/revisions"}],"predecessor-version":[{"id":293,"href":"https:\/\/innercircle.no\/index.php?rest_route=\/wp\/v2\/pages\/285\/revisions\/293"}],"wp:attachment":[{"href":"https:\/\/innercircle.no\/index.php?rest_route=%2Fwp%2Fv2%2Fmedia&parent=285"}],"curies":[{"name":"wp","href":"https:\/\/api.w.org\/{rel}","templated":true}]}}