{"id":278,"date":"2022-10-19T15:48:32","date_gmt":"2022-10-19T15:48:32","guid":{"rendered":"https:\/\/innercircle.no\/?page_id=278"},"modified":"2026-02-24T15:15:02","modified_gmt":"2026-02-24T15:15:02","slug":"christian-von-trepka-pedab","status":"publish","type":"page","link":"https:\/\/innercircle.no\/?page_id=278","title":{"rendered":"Christian von Trepka &#8211; Pedab Finance AS"},"content":{"rendered":"\t\t<div data-elementor-type=\"wp-page\" data-elementor-id=\"278\" class=\"elementor elementor-278\">\n\t\t\t\t\t\t<section class=\"elementor-section elementor-top-section elementor-element elementor-element-d3a02ea elementor-section-boxed elementor-section-height-default elementor-section-height-default\" data-id=\"d3a02ea\" data-element_type=\"section\" data-e-type=\"section\">\n\t\t\t\t\t\t<div class=\"elementor-container elementor-column-gap-default\">\n\t\t\t\t\t<div class=\"elementor-column elementor-col-100 elementor-top-column elementor-element elementor-element-393448d\" data-id=\"393448d\" data-element_type=\"column\" data-e-type=\"column\">\n\t\t\t<div class=\"elementor-widget-wrap elementor-element-populated\">\n\t\t\t\t\t\t<section class=\"elementor-section elementor-inner-section elementor-element elementor-element-fe05afa elementor-section-boxed elementor-section-height-default elementor-section-height-default\" data-id=\"fe05afa\" data-element_type=\"section\" data-e-type=\"section\">\n\t\t\t\t\t\t<div class=\"elementor-container elementor-column-gap-default\">\n\t\t\t\t\t<div class=\"elementor-column elementor-col-50 elementor-inner-column elementor-element elementor-element-f01c7e3\" data-id=\"f01c7e3\" data-element_type=\"column\" data-e-type=\"column\">\n\t\t\t<div class=\"elementor-widget-wrap elementor-element-populated\">\n\t\t\t\t\t\t<div class=\"elementor-element elementor-element-165f8eb elementor-widget elementor-widget-text-editor\" data-id=\"165f8eb\" data-element_type=\"widget\" data-e-type=\"widget\" data-widget_type=\"text-editor.default\">\n\t\t\t\t<div class=\"elementor-widget-container\">\n\t\t\t\t\t\t\t\t\t<div data-id=\"d7f24ba\" data-element_type=\"widget\" data-widget_type=\"image.default\">\u00a0Pedab Finance<\/div><div data-id=\"9e30403\" data-element_type=\"widget\" data-widget_type=\"theme-post-content.default\"><p data-start=\"88\" data-end=\"435\">Investering i ny teknologi krever mer enn riktig utstyr \u2013 det krever ogs\u00e5 smarte finansieringsl\u00f8sninger. Med Pedab Finance f\u00e5r du skreddersydde avtaler som gir deg st\u00f8rre \u00f8konomisk handlefrihet og bedre likviditet, samtidig som du holder virksomheten teknologisk oppdatert.<\/p><p data-start=\"437\" data-end=\"722\">Siden 2008 har vi hjulpet kunder i hele Norden med \u00e5 realisere sine IT-prosjekter gjennom fleksibel og b\u00e6rekraftig finansiering. I samarbeid med ledende banker, produsenter og teknologileverand\u00f8rer, tilbyr vi helhetlige l\u00f8sninger som kombinerer utstyr, tjenester og \u00f8konomisk trygghet.<\/p><p>Kontakt:\u00a0<strong><a href=\"https:\/\/www.linkedin.com\/in\/christianvontrepka\/\">Christian von Trepka<\/a><\/strong><br \/>Telefon:\u00a0922 40 672<br \/>E-post: <a href=\"mailto:cvt@pedab.no\">cvt@pedab.no<\/a><br \/>WEB:\u00a0<a href=\"http:\/\/www.pedab.no\">www.pedab.no<\/a><\/p><p>\u00a0<\/p><\/div>\t\t\t\t\t\t\t\t<\/div>\n\t\t\t\t<\/div>\n\t\t\t\t\t<\/div>\n\t\t<\/div>\n\t\t\t\t<div class=\"elementor-column elementor-col-50 elementor-inner-column elementor-element elementor-element-23807d3\" data-id=\"23807d3\" data-element_type=\"column\" data-e-type=\"column\">\n\t\t\t<div class=\"elementor-widget-wrap elementor-element-populated\">\n\t\t\t\t\t\t<div class=\"elementor-element elementor-element-d78a676 elementor-widget elementor-widget-image\" data-id=\"d78a676\" data-element_type=\"widget\" data-e-type=\"widget\" data-widget_type=\"image.default\">\n\t\t\t\t<div class=\"elementor-widget-container\">\n\t\t\t\t\t\t\t\t\t\t\t\t\t\t\t<img decoding=\"async\" width=\"189\" height=\"251\" src=\"https:\/\/innercircle.no\/wp-content\/uploads\/2022\/10\/Skjermbilde-2022-10-19-kl.-15.43.16.png\" class=\"attachment-large size-large wp-image-167\" alt=\"\" \/>\t\t\t\t\t\t\t\t\t\t\t\t\t\t\t<\/div>\n\t\t\t\t<\/div>\n\t\t\t\t\t<\/div>\n\t\t<\/div>\n\t\t\t\t\t<\/div>\n\t\t<\/section>\n\t\t\t\t\t<\/div>\n\t\t<\/div>\n\t\t\t\t\t<\/div>\n\t\t<\/section>\n\t\t\t\t<\/div>\n\t\t","protected":false},"excerpt":{"rendered":"<p>\u00a0Pedab Finance Investering i ny teknologi krever mer enn riktig utstyr \u2013 det krever ogs\u00e5 smarte finansieringsl\u00f8sninger. Med Pedab Finance f\u00e5r du skreddersydde avtaler som gir deg st\u00f8rre \u00f8konomisk handlefrihet og bedre likviditet, samtidig som du holder virksomheten teknologisk oppdatert. Siden 2008 har vi hjulpet kunder i hele Norden med \u00e5 realisere sine IT-prosjekter gjennom [&hellip;]<\/p>\n","protected":false},"author":1,"featured_media":0,"parent":0,"menu_order":0,"comment_status":"closed","ping_status":"closed","template":"","meta":{"footnotes":""},"class_list":["post-278","page","type-page","status-publish","hentry"],"_links":{"self":[{"href":"https:\/\/innercircle.no\/index.php?rest_route=\/wp\/v2\/pages\/278","targetHints":{"allow":["GET"]}}],"collection":[{"href":"https:\/\/innercircle.no\/index.php?rest_route=\/wp\/v2\/pages"}],"about":[{"href":"https:\/\/innercircle.no\/index.php?rest_route=\/wp\/v2\/types\/page"}],"author":[{"embeddable":true,"href":"https:\/\/innercircle.no\/index.php?rest_route=\/wp\/v2\/users\/1"}],"replies":[{"embeddable":true,"href":"https:\/\/innercircle.no\/index.php?rest_route=%2Fwp%2Fv2%2Fcomments&post=278"}],"version-history":[{"count":26,"href":"https:\/\/innercircle.no\/index.php?rest_route=\/wp\/v2\/pages\/278\/revisions"}],"predecessor-version":[{"id":975,"href":"https:\/\/innercircle.no\/index.php?rest_route=\/wp\/v2\/pages\/278\/revisions\/975"}],"wp:attachment":[{"href":"https:\/\/innercircle.no\/index.php?rest_route=%2Fwp%2Fv2%2Fmedia&parent=278"}],"curies":[{"name":"wp","href":"https:\/\/api.w.org\/{rel}","templated":true}]}}