{"id":272,"date":"2022-10-19T15:44:42","date_gmt":"2022-10-19T15:44:42","guid":{"rendered":"https:\/\/innercircle.no\/?page_id=272"},"modified":"2023-03-23T06:36:10","modified_gmt":"2023-03-23T06:36:10","slug":"christian-tvedt-elite-forsikring","status":"publish","type":"page","link":"https:\/\/innercircle.no\/?page_id=272","title":{"rendered":"Christian Tvedt &#8211; Elite Forsikring"},"content":{"rendered":"<p><img decoding=\"async\" src=\"http:\/\/innercircle.no\/wp-content\/uploads\/2022\/10\/Elite-Forsikring-300x56.webp\" alt=\"\" width=\"300\" height=\"56\"><\/p>\n<h2>Elite Forsikring<\/h2>\n<p>V\u00e5re hyggelige og dyktige medarbeidere hjelper deg med alt innen person- og skadeforsikring. Hos oss f\u00e5r du personlig r\u00e5dgivning og oppf\u00f8lging enten du er privat- eller bedriftskunde.<\/p>\n<p>Med forsikringer og skadeoppgj\u00f8r fra&nbsp;If Skadeforsikring&nbsp;og&nbsp;Europeiske Reiseforsikring&nbsp;kan du f\u00f8le deg trygg hvis noe skulle skje.<\/p>\n<p>Samtidig nyter du godt av v\u00e5r lokale tilstedev\u00e6relse og den personlige oppf\u00f8lgingen vi kan gi deg.<\/p>\n<p>Kontakt: <a href=\"https:\/\/www.linkedin.com\/in\/christiantvedt\/\">Christian Tvedt<\/a><br \/>\nTelefon: 474 00 403<br \/>\nE-post: <a href=\"mailto:christian.tvedt@if.no\">christian.tvedt@if.no<\/a><br \/>\nWEB:&nbsp;<a href=\"https:\/\/www.assurandor.no\/medlemmer\/elite-forsikring\/start\">www.eliteforsikring.no<\/a><\/p>\n<style>\/*! elementor - v3.7.8 - 02-10-2022 *\/<br \/>\n.elementor-widget-image{text-align:center}.elementor-widget-image a{display:inline-block}.elementor-widget-image a img[src$=\".svg\"]{width:48px}.elementor-widget-image img{vertical-align:middle;display:inline-block}<\/style>\n<p>\t\t\t\t\t\t\t\t\t\t\t\t<img loading=\"lazy\" decoding=\"async\" width=\"320\" height=\"320\" src=\"http:\/\/innercircle.no\/wp-content\/uploads\/2022\/10\/Tvedt.jpeg\" alt=\"\" loading=\"lazy\" srcset=\"https:\/\/innercircle.no\/wp-content\/uploads\/2022\/10\/Tvedt.jpeg 320w, https:\/\/innercircle.no\/wp-content\/uploads\/2022\/10\/Tvedt-300x300.jpeg 300w, https:\/\/innercircle.no\/wp-content\/uploads\/2022\/10\/Tvedt-150x150.jpeg 150w\" sizes=\"auto, (max-width: 320px) 100vw, 320px\"><\/p>\n","protected":false},"excerpt":{"rendered":"<p>Elite Forsikring V\u00e5re hyggelige og dyktige medarbeidere hjelper deg med alt innen person- og skadeforsikring. Hos oss f\u00e5r du personlig r\u00e5dgivning og oppf\u00f8lging enten du er privat- eller bedriftskunde. Med forsikringer og skadeoppgj\u00f8r fra&nbsp;If Skadeforsikring&nbsp;og&nbsp;Europeiske Reiseforsikring&nbsp;kan du f\u00f8le deg trygg hvis noe skulle skje. Samtidig nyter du godt av v\u00e5r lokale tilstedev\u00e6relse og den personlige [&hellip;]<\/p>\n","protected":false},"author":1,"featured_media":0,"parent":0,"menu_order":0,"comment_status":"closed","ping_status":"closed","template":"","meta":{"footnotes":""},"class_list":["post-272","page","type-page","status-publish","hentry"],"_links":{"self":[{"href":"https:\/\/innercircle.no\/index.php?rest_route=\/wp\/v2\/pages\/272","targetHints":{"allow":["GET"]}}],"collection":[{"href":"https:\/\/innercircle.no\/index.php?rest_route=\/wp\/v2\/pages"}],"about":[{"href":"https:\/\/innercircle.no\/index.php?rest_route=\/wp\/v2\/types\/page"}],"author":[{"embeddable":true,"href":"https:\/\/innercircle.no\/index.php?rest_route=\/wp\/v2\/users\/1"}],"replies":[{"embeddable":true,"href":"https:\/\/innercircle.no\/index.php?rest_route=%2Fwp%2Fv2%2Fcomments&post=272"}],"version-history":[{"count":5,"href":"https:\/\/innercircle.no\/index.php?rest_route=\/wp\/v2\/pages\/272\/revisions"}],"predecessor-version":[{"id":626,"href":"https:\/\/innercircle.no\/index.php?rest_route=\/wp\/v2\/pages\/272\/revisions\/626"}],"wp:attachment":[{"href":"https:\/\/innercircle.no\/index.php?rest_route=%2Fwp%2Fv2%2Fmedia&parent=272"}],"curies":[{"name":"wp","href":"https:\/\/api.w.org\/{rel}","templated":true}]}}