{"id":250,"date":"2022-10-19T15:31:50","date_gmt":"2022-10-19T15:31:50","guid":{"rendered":"https:\/\/innercircle.no\/?page_id=250"},"modified":"2022-10-19T17:13:41","modified_gmt":"2022-10-19T17:13:41","slug":"elementor-250","status":"publish","type":"page","link":"https:\/\/innercircle.no\/?page_id=250","title":{"rendered":"Andreas Amlie &#8211; Lindbak AS"},"content":{"rendered":"\t\t<div data-elementor-type=\"wp-page\" data-elementor-id=\"250\" class=\"elementor elementor-250\">\n\t\t\t\t\t\t<section class=\"elementor-section elementor-top-section elementor-element elementor-element-75a4375 elementor-section-boxed elementor-section-height-default elementor-section-height-default\" data-id=\"75a4375\" data-element_type=\"section\" data-e-type=\"section\">\n\t\t\t\t\t\t<div class=\"elementor-container elementor-column-gap-default\">\n\t\t\t\t\t<div class=\"elementor-column elementor-col-100 elementor-top-column elementor-element elementor-element-3ba517b\" data-id=\"3ba517b\" data-element_type=\"column\" data-e-type=\"column\">\n\t\t\t<div class=\"elementor-widget-wrap elementor-element-populated\">\n\t\t\t\t\t\t<section class=\"elementor-section elementor-inner-section elementor-element elementor-element-2eb7b3b elementor-section-boxed elementor-section-height-default elementor-section-height-default\" data-id=\"2eb7b3b\" data-element_type=\"section\" data-e-type=\"section\">\n\t\t\t\t\t\t<div class=\"elementor-container elementor-column-gap-default\">\n\t\t\t\t\t<div class=\"elementor-column elementor-col-50 elementor-inner-column elementor-element elementor-element-f6fb782\" data-id=\"f6fb782\" data-element_type=\"column\" data-e-type=\"column\">\n\t\t\t<div class=\"elementor-widget-wrap elementor-element-populated\">\n\t\t\t\t\t\t<div class=\"elementor-element elementor-element-b10997b elementor-widget elementor-widget-text-editor\" data-id=\"b10997b\" data-element_type=\"widget\" data-e-type=\"widget\" data-widget_type=\"text-editor.default\">\n\t\t\t\t<div class=\"elementor-widget-container\">\n\t\t\t\t\t\t\t\t\t<div data-id=\"d7f24ba\" data-element_type=\"widget\" data-widget_type=\"image.default\"><img decoding=\"async\" class=\"alignnone size-full wp-image-252\" src=\"http:\/\/innercircle.no\/wp-content\/uploads\/2022\/10\/Lindbak-logo.webp\" alt=\"\" width=\"145\" height=\"106\" \/><\/div><div data-id=\"9e30403\" data-element_type=\"widget\" data-widget_type=\"theme-post-content.default\"><h2>Lindbak AS<\/h2><p>Lindbak er Norges ledende familieeide akt\u00f8r innen kontorm\u00f8bler, utskriftstjenester, Lyd og bilde (AV-l\u00f8sninger), IT-l\u00f8sninger og kaffe og vann. Vi er til sammen ca. 250 medarbeidere med en omsetning i 2018 p\u00e5 720 millioner kroner. Hovedkontoret er i Trondheim, det er 28 kontorer rundt om i landet.<\/p><p><strong>WE MAKE IT WORK. AT WORK<\/strong>.<\/p><p>Det er v\u00e5rt slagord.<\/p><p>Det signaliserer at det er ikke produktene i seg selv som er viktige, det er effekten av det vi leverer som betyr noe. Eller sagt p\u00e5 en annen m\u00e5te: Det er en god dag i Lindbak n\u00e5r vi skaper verdier for v\u00e5re kunder.<\/p><p>V\u00e5re r\u00e5dgivere og selgere skal s\u00f8rge for at de produktene og tjenestene vi leverer faktisk fungerer og gj\u00f8r nytten slik det var tenkt, uansett om det er en m\u00f8belleveranse, et teknologiprodukt eller en tjeneste.<\/p><p>Kontakt:\u00a0<strong><a href=\"https:\/\/www.linkedin.com\/in\/andreas-amlie-265bb7ba\/\" target=\"_blank\" rel=\"noopener\">Andreas Amlie<\/a><\/strong><br \/>Telefon:\u00a0905 40 778\u202c<br \/>E-post: <a href=\"mailto:andreas.amlie@lindbak.no\">andreas.amlie@lindbak.no<\/a><br \/>WEB:\u00a0<a href=\"https:\/\/www.lindbak.no\/skrivere\/\" target=\"_blank\" rel=\"noopener\">www.lindbak.no<\/a><\/p><\/div>\t\t\t\t\t\t\t\t<\/div>\n\t\t\t\t<\/div>\n\t\t\t\t\t<\/div>\n\t\t<\/div>\n\t\t\t\t<div class=\"elementor-column elementor-col-50 elementor-inner-column elementor-element elementor-element-0fd255b\" data-id=\"0fd255b\" data-element_type=\"column\" data-e-type=\"column\">\n\t\t\t<div class=\"elementor-widget-wrap elementor-element-populated\">\n\t\t\t\t\t\t<div class=\"elementor-element elementor-element-bfdbd70 elementor-widget elementor-widget-image\" data-id=\"bfdbd70\" data-element_type=\"widget\" data-e-type=\"widget\" data-widget_type=\"image.default\">\n\t\t\t\t<div class=\"elementor-widget-container\">\n\t\t\t\t\t\t\t\t\t\t\t\t\t\t\t<img fetchpriority=\"high\" decoding=\"async\" width=\"800\" height=\"800\" src=\"https:\/\/innercircle.no\/wp-content\/uploads\/2022\/10\/1624625593285.jpg\" class=\"attachment-large size-large wp-image-156\" alt=\"\" srcset=\"https:\/\/innercircle.no\/wp-content\/uploads\/2022\/10\/1624625593285.jpg 800w, https:\/\/innercircle.no\/wp-content\/uploads\/2022\/10\/1624625593285-300x300.jpg 300w, https:\/\/innercircle.no\/wp-content\/uploads\/2022\/10\/1624625593285-150x150.jpg 150w, https:\/\/innercircle.no\/wp-content\/uploads\/2022\/10\/1624625593285-768x768.jpg 768w\" sizes=\"(max-width: 800px) 100vw, 800px\" \/>\t\t\t\t\t\t\t\t\t\t\t\t\t\t\t<\/div>\n\t\t\t\t<\/div>\n\t\t\t\t\t<\/div>\n\t\t<\/div>\n\t\t\t\t\t<\/div>\n\t\t<\/section>\n\t\t\t\t\t<\/div>\n\t\t<\/div>\n\t\t\t\t\t<\/div>\n\t\t<\/section>\n\t\t\t\t<\/div>\n\t\t","protected":false},"excerpt":{"rendered":"<p>Lindbak AS Lindbak er Norges ledende familieeide akt\u00f8r innen kontorm\u00f8bler, utskriftstjenester, Lyd og bilde (AV-l\u00f8sninger), IT-l\u00f8sninger og kaffe og vann. Vi er til sammen ca. 250 medarbeidere med en omsetning i 2018 p\u00e5 720 millioner kroner. Hovedkontoret er i Trondheim, det er 28 kontorer rundt om i landet. WE MAKE IT WORK. AT WORK. Det [&hellip;]<\/p>\n","protected":false},"author":1,"featured_media":0,"parent":0,"menu_order":0,"comment_status":"closed","ping_status":"closed","template":"","meta":{"footnotes":""},"class_list":["post-250","page","type-page","status-publish","hentry"],"_links":{"self":[{"href":"https:\/\/innercircle.no\/index.php?rest_route=\/wp\/v2\/pages\/250","targetHints":{"allow":["GET"]}}],"collection":[{"href":"https:\/\/innercircle.no\/index.php?rest_route=\/wp\/v2\/pages"}],"about":[{"href":"https:\/\/innercircle.no\/index.php?rest_route=\/wp\/v2\/types\/page"}],"author":[{"embeddable":true,"href":"https:\/\/innercircle.no\/index.php?rest_route=\/wp\/v2\/users\/1"}],"replies":[{"embeddable":true,"href":"https:\/\/innercircle.no\/index.php?rest_route=%2Fwp%2Fv2%2Fcomments&post=250"}],"version-history":[{"count":8,"href":"https:\/\/innercircle.no\/index.php?rest_route=\/wp\/v2\/pages\/250\/revisions"}],"predecessor-version":[{"id":447,"href":"https:\/\/innercircle.no\/index.php?rest_route=\/wp\/v2\/pages\/250\/revisions\/447"}],"wp:attachment":[{"href":"https:\/\/innercircle.no\/index.php?rest_route=%2Fwp%2Fv2%2Fmedia&parent=250"}],"curies":[{"name":"wp","href":"https:\/\/api.w.org\/{rel}","templated":true}]}}